{"id":2134,"date":"2024-01-21T17:42:56","date_gmt":"2024-01-21T16:42:56","guid":{"rendered":"https:\/\/squaredrop.pl\/about-us\/"},"modified":"2025-01-29T14:08:41","modified_gmt":"2025-01-29T13:08:41","slug":"about-us","status":"publish","type":"page","link":"https:\/\/squaredrop.pl\/en\/about-us\/","title":{"rendered":"About us"},"content":{"rendered":"\n<div class=\"wp-block-columns is-layout-flex wp-container-core-columns-layout-1 wp-block-columns-is-layout-flex\">\n<div class=\"wp-block-column is-layout-flow wp-block-column-is-layout-flow\" style=\"flex-basis:33.33%\">\n<figure class=\"wp-block-image size-large sticky-image\"><img loading=\"lazy\" decoding=\"async\" width=\"683\" height=\"1024\" src=\"https:\/\/squaredrop.pl\/wp-content\/uploads\/Square_Drop_Agnieszka_Sniadewicz_Swica-683x1024.webp\" alt=\"\" class=\"wp-image-3154\" srcset=\"https:\/\/squaredrop.pl\/wp-content\/uploads\/Square_Drop_Agnieszka_Sniadewicz_Swica-683x1024.webp 683w, https:\/\/squaredrop.pl\/wp-content\/uploads\/Square_Drop_Agnieszka_Sniadewicz_Swica-800x1200.webp 800w, https:\/\/squaredrop.pl\/wp-content\/uploads\/Square_Drop_Agnieszka_Sniadewicz_Swica-768x1152.webp 768w, https:\/\/squaredrop.pl\/wp-content\/uploads\/Square_Drop_Agnieszka_Sniadewicz_Swica-1024x1536.webp 1024w, https:\/\/squaredrop.pl\/wp-content\/uploads\/Square_Drop_Agnieszka_Sniadewicz_Swica.webp 1365w\" sizes=\"(max-width: 683px) 100vw, 683px\" \/><\/figure>\n<\/div>\n\n\n\n<div class=\"wp-block-column is-layout-flow wp-block-column-is-layout-flow\" style=\"flex-basis:66.66%\">\n<h1 id=\"about-us\" class=\"wp-block-heading\">About us<\/h1>\n\n\n\n<p><strong>Square Drop<\/strong> &#8211; fine art conservation lab, is a company with family traditions. We continue the activities of the Works of Art Conservation Workshop and the Ars Longa Gallery run by the parents of Agnieszka \u015aniadewicz-\u015awica, the owner of Square Drop. We use the experience we have got over the years to carry out conservation works, as well as in projects from the world of design, creating new, unique furniture.  <\/p>\n\n\n\n<p>Restoration of furniture and works of art, restoring the spirit of historic objects and family heirlooms, is the basis of Square Drop&#8217;s work. Currently, our work also work with design, creating the so-called Future Antiques, single pieces of furniture combining the best traditions of artistic craftsmanship and contemporary design trends.  <\/p>\n\n\n\n<p>Our team consists of qualified craftsmen: carpenters, locksmiths, foundries and polishers. We cooperate with renowned designers and antique dealers from all over the world &#8211; from Copenhagen to New York. The Square Drop studio was listed in the &#8220;Homo Faber Guide&#8221;, an international guide to the best craft studios.   Our strength is:<\/p>\n\n\n\n<ul>\n<li>decades of experience<\/li>\n\n\n\n<li>knowledge of the art market<\/li>\n\n\n\n<li>original designs <\/li>\n\n\n\n<li>passion and artistic sense<\/li>\n\n\n\n<li>individual approach<\/li>\n\n\n\n<li>international cooperation<\/li>\n<\/ul>\n\n\n\n<p>Cultivating locality, local materials, cooperation with craftsmen and Polish producers of raw materials\u2026<\/p>\n<\/div>\n<\/div>\n\n\n\n<div style=\"height:1em\" aria-hidden=\"true\" class=\"wp-block-spacer\"><\/div>\n\n\n\n<p class=\"has-text-align-left has-medium-font-size\" style=\"letter-spacing:0px\"><strong>They wrote about us<\/strong><\/p>\n\n\n\n<div class=\"wp-block-group logo-wrapper is-content-justification-left is-layout-flex wp-container-core-group-layout-1 wp-block-group-is-layout-flex\">\n<figure class=\"wp-block-image is-resized\"><a href=\"https:\/\/www.projektpracownie.pl\/nowe-starego-porzadki-o-konserwacji-i-stolarstwie-w-milanowku\/\" target=\"_blank\" rel=\"noreferrer noopener\"><img decoding=\"async\" src=\"https:\/\/squaredrop.pl\/wp-content\/uploads\/membership-1.webp\" alt=\"Projekt Pracownie\" style=\"width:auto;height:42px\"\/><\/a><\/figure>\n\n\n\n<figure class=\"wp-block-image is-resized\"><a href=\"https:\/\/nownowerzemioslo.pl\/rzemioslo\/square-drop\/\" target=\"_blank\" rel=\"noreferrer noopener\"><img decoding=\"async\" src=\"https:\/\/squaredrop.pl\/wp-content\/uploads\/membership-2.webp\" alt=\"N\u00f3w. Nowe Rzemios\u0142o\" style=\"width:auto;height:42px\"\/><\/a><\/figure>\n\n\n\n<figure class=\"wp-block-image is-resized\"><a href=\"https:\/\/www.homofaber.com\/es\/discover\/square-drop-furniture-restoration-poland\" target=\"_blank\" rel=\"noreferrer noopener\"><img decoding=\"async\" src=\"https:\/\/squaredrop.pl\/wp-content\/uploads\/membership-3.webp\" alt=\"Homo Fiber Guide\" style=\"width:auto;height:42px\"\/><\/a><\/figure>\n\n\n\n<figure class=\"wp-block-image size-full is-resized\"><a href=\"#polskieradio\"><img loading=\"lazy\" decoding=\"async\" width=\"772\" height=\"123\" src=\"https:\/\/squaredrop.pl\/wp-content\/uploads\/polskie-radio-pl.webp\" alt=\"\" class=\"wp-image-3207\" style=\"width:173px;height:auto\" srcset=\"https:\/\/squaredrop.pl\/wp-content\/uploads\/polskie-radio-pl.webp 772w, https:\/\/squaredrop.pl\/wp-content\/uploads\/polskie-radio-pl-768x122.webp 768w\" sizes=\"(max-width: 772px) 100vw, 772px\" \/><\/a><\/figure>\n<\/div>\n\n\n\n<div style=\"height:2em;width:0px\" aria-hidden=\"true\" class=\"wp-block-spacer\"><\/div>\n\n\n\n<div class=\"wp-block-group is-vertical is-layout-flex wp-container-core-group-layout-2 wp-block-group-is-layout-flex\">\n<p class=\"has-small-font-size\" id=\"polskieradio\">Polskie Radio (Polish Radio): <a href=\"https:\/\/www.polskieradio.pl\/10\/4891\/artykul\/3243352,rzemioslo-artystyczne-stara-tradycja-nowe-mozliwosci\" target=\"_blank\" rel=\"noreferrer noopener\">Artistic crafts &#8211; old tradition, new possibilities<\/a><\/p>\n\n\n\n<p class=\"has-small-font-size\">Polskie Radio (Polish Radio): <a href=\"https:\/\/www.polskieradio.pl\/8\/410\/Artykul\/2999233,Ewa-Liebchen-w-Miejscowce-z-Dwojka-Muzyka-zainspirowana-meblami\" target=\"_blank\" rel=\"noreferrer noopener\">Ewa Liebchen in &#8220;Miejsc\u00f3wce z Dw\u00f3jk\u0105&#8221;. <\/a><\/p>\n<\/div>\n\n\n\n<div style=\"height:3em\" aria-hidden=\"true\" class=\"wp-block-spacer\"><\/div>\n\n\n\n<figure class=\"wp-block-gallery has-nested-images columns-4 is-cropped wp-block-gallery-1 is-layout-flex wp-block-gallery-is-layout-flex\">\n<figure class=\"wp-block-image size-large\"><img loading=\"lazy\" decoding=\"async\" width=\"683\" height=\"1024\" data-id=\"3160\" src=\"https:\/\/squaredrop.pl\/wp-content\/uploads\/Square_Drop_pracownia_konserwacji_conservation_lab_craft-683x1024.webp\" alt=\"\" class=\"wp-image-3160\" srcset=\"https:\/\/squaredrop.pl\/wp-content\/uploads\/Square_Drop_pracownia_konserwacji_conservation_lab_craft-683x1024.webp 683w, https:\/\/squaredrop.pl\/wp-content\/uploads\/Square_Drop_pracownia_konserwacji_conservation_lab_craft-800x1200.webp 800w, https:\/\/squaredrop.pl\/wp-content\/uploads\/Square_Drop_pracownia_konserwacji_conservation_lab_craft-768x1152.webp 768w, https:\/\/squaredrop.pl\/wp-content\/uploads\/Square_Drop_pracownia_konserwacji_conservation_lab_craft-1024x1536.webp 1024w, https:\/\/squaredrop.pl\/wp-content\/uploads\/Square_Drop_pracownia_konserwacji_conservation_lab_craft.webp 1365w\" sizes=\"(max-width: 683px) 100vw, 683px\" \/><\/figure>\n\n\n\n<figure class=\"wp-block-image size-large\"><img loading=\"lazy\" decoding=\"async\" width=\"683\" height=\"1024\" data-id=\"3156\" src=\"https:\/\/squaredrop.pl\/wp-content\/uploads\/Square_Drop_pracownia_konserwacji_conservation_lab_restoration-683x1024.webp\" alt=\"\" class=\"wp-image-3156\" srcset=\"https:\/\/squaredrop.pl\/wp-content\/uploads\/Square_Drop_pracownia_konserwacji_conservation_lab_restoration-683x1024.webp 683w, https:\/\/squaredrop.pl\/wp-content\/uploads\/Square_Drop_pracownia_konserwacji_conservation_lab_restoration-800x1200.webp 800w, https:\/\/squaredrop.pl\/wp-content\/uploads\/Square_Drop_pracownia_konserwacji_conservation_lab_restoration-768x1152.webp 768w, https:\/\/squaredrop.pl\/wp-content\/uploads\/Square_Drop_pracownia_konserwacji_conservation_lab_restoration-1024x1536.webp 1024w, https:\/\/squaredrop.pl\/wp-content\/uploads\/Square_Drop_pracownia_konserwacji_conservation_lab_restoration.webp 1365w\" sizes=\"(max-width: 683px) 100vw, 683px\" \/><\/figure>\n\n\n\n<figure class=\"wp-block-image size-large\"><img loading=\"lazy\" decoding=\"async\" width=\"683\" height=\"1024\" data-id=\"3158\" src=\"https:\/\/squaredrop.pl\/wp-content\/uploads\/Square_Drop_pracownia_konserwacji_conservation_lab-683x1024.webp\" alt=\"\" class=\"wp-image-3158\" srcset=\"https:\/\/squaredrop.pl\/wp-content\/uploads\/Square_Drop_pracownia_konserwacji_conservation_lab-683x1024.webp 683w, https:\/\/squaredrop.pl\/wp-content\/uploads\/Square_Drop_pracownia_konserwacji_conservation_lab-800x1200.webp 800w, https:\/\/squaredrop.pl\/wp-content\/uploads\/Square_Drop_pracownia_konserwacji_conservation_lab-768x1152.webp 768w, https:\/\/squaredrop.pl\/wp-content\/uploads\/Square_Drop_pracownia_konserwacji_conservation_lab-1024x1536.webp 1024w, https:\/\/squaredrop.pl\/wp-content\/uploads\/Square_Drop_pracownia_konserwacji_conservation_lab.webp 1365w\" sizes=\"(max-width: 683px) 100vw, 683px\" \/><\/figure>\n\n\n\n<figure class=\"wp-block-image size-large\"><img decoding=\"async\" data-id=\"3152\" src=\"https:\/\/squaredrop.pl\/wp-content\/uploads\/SquareDrop_conservation_lab-683x1024.webp\" alt=\"\" class=\"wp-image-3152\"\/><\/figure>\n\n\n\n<figure class=\"wp-block-image size-full is-style-default\"><img loading=\"lazy\" decoding=\"async\" width=\"2048\" height=\"1365\" data-id=\"2131\" src=\"https:\/\/squaredrop.pl\/wp-content\/uploads\/IMG_8223.webp\" alt=\"\" class=\"wp-image-2131\" style=\"object-fit:cover\" srcset=\"https:\/\/squaredrop.pl\/wp-content\/uploads\/IMG_8223.webp 2048w, https:\/\/squaredrop.pl\/wp-content\/uploads\/IMG_8223-800x533.webp 800w, https:\/\/squaredrop.pl\/wp-content\/uploads\/IMG_8223-1024x683.webp 1024w, https:\/\/squaredrop.pl\/wp-content\/uploads\/IMG_8223-768x512.webp 768w, https:\/\/squaredrop.pl\/wp-content\/uploads\/IMG_8223-1536x1024.webp 1536w\" sizes=\"(max-width: 2048px) 100vw, 2048px\" \/><\/figure>\n<\/figure>\n\n\n\n<style>.logo-wrapper { gap: 1.5rem 2rem }\n<\/style>\n","protected":false},"excerpt":{"rendered":"<p>About us Square Drop &#8211; fine art conservation lab, is a company with family traditions. We continue the activities of the Works of Art Conservation&#8230;<\/p>\n","protected":false},"author":2,"featured_media":0,"parent":0,"menu_order":0,"comment_status":"closed","ping_status":"closed","template":"","meta":{"_acf_changed":false,"inline_featured_image":false,"footnotes":""},"acf":[],"yoast_head":"<title>About us &#8211; Square Drop<\/title>\n<meta name=\"robots\" content=\"index, follow, max-snippet:-1, max-image-preview:large, max-video-preview:-1\" \/>\n<link rel=\"canonical\" href=\"https:\/\/squaredrop.pl\/en\/about-us\/\" \/>\n<meta property=\"og:locale\" content=\"en_US\" \/>\n<meta property=\"og:type\" content=\"article\" \/>\n<meta property=\"og:title\" content=\"About us &#8211; Square Drop\" \/>\n<meta property=\"og:description\" content=\"About us Square Drop &#8211; fine art conservation lab, is a company with family traditions. We continue the activities of the Works of Art Conservation...\" \/>\n<meta property=\"og:url\" content=\"https:\/\/squaredrop.pl\/en\/about-us\/\" \/>\n<meta property=\"og:site_name\" content=\"Square Drop\" \/>\n<meta property=\"article:publisher\" content=\"https:\/\/www.facebook.com\/squaredrop\" \/>\n<meta property=\"article:modified_time\" content=\"2025-01-29T13:08:41+00:00\" \/>\n<meta property=\"og:image\" content=\"https:\/\/squaredrop.pl\/wp-content\/uploads\/Square_Drop_Agnieszka_Sniadewicz_Swica-683x1024.webp\" \/>\n<meta name=\"twitter:card\" content=\"summary_large_image\" \/>\n<script type=\"application\/ld+json\" class=\"yoast-schema-graph\">{\"@context\":\"https:\/\/schema.org\",\"@graph\":[{\"@type\":\"WebPage\",\"@id\":\"https:\/\/squaredrop.pl\/en\/about-us\/\",\"url\":\"https:\/\/squaredrop.pl\/en\/about-us\/\",\"name\":\"About us &#8211; Square Drop\",\"isPartOf\":{\"@id\":\"https:\/\/squaredrop.pl\/en\/#website\"},\"primaryImageOfPage\":{\"@id\":\"https:\/\/squaredrop.pl\/en\/about-us\/#primaryimage\"},\"image\":{\"@id\":\"https:\/\/squaredrop.pl\/en\/about-us\/#primaryimage\"},\"thumbnailUrl\":\"https:\/\/squaredrop.pl\/wp-content\/uploads\/Square_Drop_Agnieszka_Sniadewicz_Swica-683x1024.webp\",\"datePublished\":\"2024-01-21T16:42:56+00:00\",\"dateModified\":\"2025-01-29T13:08:41+00:00\",\"breadcrumb\":{\"@id\":\"https:\/\/squaredrop.pl\/en\/about-us\/#breadcrumb\"},\"inLanguage\":\"en-US\",\"potentialAction\":[{\"@type\":\"ReadAction\",\"target\":[\"https:\/\/squaredrop.pl\/en\/about-us\/\"]}]},{\"@type\":\"ImageObject\",\"inLanguage\":\"en-US\",\"@id\":\"https:\/\/squaredrop.pl\/en\/about-us\/#primaryimage\",\"url\":\"https:\/\/squaredrop.pl\/wp-content\/uploads\/Square_Drop_Agnieszka_Sniadewicz_Swica-683x1024.webp\",\"contentUrl\":\"https:\/\/squaredrop.pl\/wp-content\/uploads\/Square_Drop_Agnieszka_Sniadewicz_Swica-683x1024.webp\"},{\"@type\":\"BreadcrumbList\",\"@id\":\"https:\/\/squaredrop.pl\/en\/about-us\/#breadcrumb\",\"itemListElement\":[{\"@type\":\"ListItem\",\"position\":1,\"name\":\"Home\",\"item\":\"https:\/\/squaredrop.pl\/en\/homepage\/\"},{\"@type\":\"ListItem\",\"position\":2,\"name\":\"About us\"}]},{\"@type\":\"WebSite\",\"@id\":\"https:\/\/squaredrop.pl\/en\/#website\",\"url\":\"https:\/\/squaredrop.pl\/en\/\",\"name\":\"Square Drop \u2013 Fine Art Conservation Lab\",\"description\":\"Fine Art Conservation Lab\",\"publisher\":{\"@id\":\"https:\/\/squaredrop.pl\/en\/#organization\"},\"alternateName\":\"Square Drop \u2013 Renowacja i projektowanie mebli\",\"potentialAction\":[{\"@type\":\"SearchAction\",\"target\":{\"@type\":\"EntryPoint\",\"urlTemplate\":\"https:\/\/squaredrop.pl\/en\/?s={search_term_string}\"},\"query-input\":{\"@type\":\"PropertyValueSpecification\",\"valueRequired\":true,\"valueName\":\"search_term_string\"}}],\"inLanguage\":\"en-US\"},{\"@type\":\"Organization\",\"@id\":\"https:\/\/squaredrop.pl\/en\/#organization\",\"name\":\"Square Drop\",\"alternateName\":\"Fine Art Conservation Lab\",\"url\":\"https:\/\/squaredrop.pl\/en\/\",\"logo\":{\"@type\":\"ImageObject\",\"inLanguage\":\"en-US\",\"@id\":\"https:\/\/squaredrop.pl\/en\/#\/schema\/logo\/image\/\",\"url\":\"https:\/\/squaredrop.pl\/wp-content\/uploads\/2024\/01\/squaredrop-logo-black.png\",\"contentUrl\":\"https:\/\/squaredrop.pl\/wp-content\/uploads\/2024\/01\/squaredrop-logo-black.png\",\"width\":500,\"height\":136,\"caption\":\"Square Drop\"},\"image\":{\"@id\":\"https:\/\/squaredrop.pl\/en\/#\/schema\/logo\/image\/\"},\"sameAs\":[\"https:\/\/www.facebook.com\/squaredrop\",\"https:\/\/www.instagram.com\/squaredrop\/\"]}]}<\/script>","yoast_head_json":{"title":"About us &#8211; Square Drop","robots":{"index":"index","follow":"follow","max-snippet":"max-snippet:-1","max-image-preview":"max-image-preview:large","max-video-preview":"max-video-preview:-1"},"canonical":"https:\/\/squaredrop.pl\/en\/about-us\/","og_locale":"en_US","og_type":"article","og_title":"About us &#8211; Square Drop","og_description":"About us Square Drop &#8211; fine art conservation lab, is a company with family traditions. We continue the activities of the Works of Art Conservation...","og_url":"https:\/\/squaredrop.pl\/en\/about-us\/","og_site_name":"Square Drop","article_publisher":"https:\/\/www.facebook.com\/squaredrop","article_modified_time":"2025-01-29T13:08:41+00:00","og_image":[{"url":"https:\/\/squaredrop.pl\/wp-content\/uploads\/Square_Drop_Agnieszka_Sniadewicz_Swica-683x1024.webp"}],"twitter_card":"summary_large_image","schema":{"@context":"https:\/\/schema.org","@graph":[{"@type":"WebPage","@id":"https:\/\/squaredrop.pl\/en\/about-us\/","url":"https:\/\/squaredrop.pl\/en\/about-us\/","name":"About us &#8211; Square Drop","isPartOf":{"@id":"https:\/\/squaredrop.pl\/en\/#website"},"primaryImageOfPage":{"@id":"https:\/\/squaredrop.pl\/en\/about-us\/#primaryimage"},"image":{"@id":"https:\/\/squaredrop.pl\/en\/about-us\/#primaryimage"},"thumbnailUrl":"https:\/\/squaredrop.pl\/wp-content\/uploads\/Square_Drop_Agnieszka_Sniadewicz_Swica-683x1024.webp","datePublished":"2024-01-21T16:42:56+00:00","dateModified":"2025-01-29T13:08:41+00:00","breadcrumb":{"@id":"https:\/\/squaredrop.pl\/en\/about-us\/#breadcrumb"},"inLanguage":"en-US","potentialAction":[{"@type":"ReadAction","target":["https:\/\/squaredrop.pl\/en\/about-us\/"]}]},{"@type":"ImageObject","inLanguage":"en-US","@id":"https:\/\/squaredrop.pl\/en\/about-us\/#primaryimage","url":"https:\/\/squaredrop.pl\/wp-content\/uploads\/Square_Drop_Agnieszka_Sniadewicz_Swica-683x1024.webp","contentUrl":"https:\/\/squaredrop.pl\/wp-content\/uploads\/Square_Drop_Agnieszka_Sniadewicz_Swica-683x1024.webp"},{"@type":"BreadcrumbList","@id":"https:\/\/squaredrop.pl\/en\/about-us\/#breadcrumb","itemListElement":[{"@type":"ListItem","position":1,"name":"Home","item":"https:\/\/squaredrop.pl\/en\/homepage\/"},{"@type":"ListItem","position":2,"name":"About us"}]},{"@type":"WebSite","@id":"https:\/\/squaredrop.pl\/en\/#website","url":"https:\/\/squaredrop.pl\/en\/","name":"Square Drop \u2013 Fine Art Conservation Lab","description":"Fine Art Conservation Lab","publisher":{"@id":"https:\/\/squaredrop.pl\/en\/#organization"},"alternateName":"Square Drop \u2013 Renowacja i projektowanie mebli","potentialAction":[{"@type":"SearchAction","target":{"@type":"EntryPoint","urlTemplate":"https:\/\/squaredrop.pl\/en\/?s={search_term_string}"},"query-input":{"@type":"PropertyValueSpecification","valueRequired":true,"valueName":"search_term_string"}}],"inLanguage":"en-US"},{"@type":"Organization","@id":"https:\/\/squaredrop.pl\/en\/#organization","name":"Square Drop","alternateName":"Fine Art Conservation Lab","url":"https:\/\/squaredrop.pl\/en\/","logo":{"@type":"ImageObject","inLanguage":"en-US","@id":"https:\/\/squaredrop.pl\/en\/#\/schema\/logo\/image\/","url":"https:\/\/squaredrop.pl\/wp-content\/uploads\/2024\/01\/squaredrop-logo-black.png","contentUrl":"https:\/\/squaredrop.pl\/wp-content\/uploads\/2024\/01\/squaredrop-logo-black.png","width":500,"height":136,"caption":"Square Drop"},"image":{"@id":"https:\/\/squaredrop.pl\/en\/#\/schema\/logo\/image\/"},"sameAs":["https:\/\/www.facebook.com\/squaredrop","https:\/\/www.instagram.com\/squaredrop\/"]}]}},"_links":{"self":[{"href":"https:\/\/squaredrop.pl\/en\/wp-json\/wp\/v2\/pages\/2134"}],"collection":[{"href":"https:\/\/squaredrop.pl\/en\/wp-json\/wp\/v2\/pages"}],"about":[{"href":"https:\/\/squaredrop.pl\/en\/wp-json\/wp\/v2\/types\/page"}],"author":[{"embeddable":true,"href":"https:\/\/squaredrop.pl\/en\/wp-json\/wp\/v2\/users\/2"}],"replies":[{"embeddable":true,"href":"https:\/\/squaredrop.pl\/en\/wp-json\/wp\/v2\/comments?post=2134"}],"version-history":[{"count":4,"href":"https:\/\/squaredrop.pl\/en\/wp-json\/wp\/v2\/pages\/2134\/revisions"}],"predecessor-version":[{"id":3504,"href":"https:\/\/squaredrop.pl\/en\/wp-json\/wp\/v2\/pages\/2134\/revisions\/3504"}],"wp:attachment":[{"href":"https:\/\/squaredrop.pl\/en\/wp-json\/wp\/v2\/media?parent=2134"}],"curies":[{"name":"wp","href":"https:\/\/api.w.org\/{rel}","templated":true}]}}