{"id":1853,"date":"2024-03-07T12:19:57","date_gmt":"2024-03-07T11:19:57","guid":{"rendered":"https:\/\/squaredrop.pl\/product\/bench-made-of-exotic-wood-with-a-jute-seat\/"},"modified":"2024-03-13T10:42:47","modified_gmt":"2024-03-13T09:42:47","slug":"bench-made-of-exotic-wood-with-a-jute-seat","status":"publish","type":"product","link":"https:\/\/squaredrop.pl\/en\/product\/bench-made-of-exotic-wood-with-a-jute-seat\/","title":{"rendered":"Bench made of exotic wood with a jute seat"},"content":{"rendered":"","protected":false},"excerpt":{"rendered":"<p>Bench made out of upcycled wood from an old 19th\/20th colonial table. A piece of furniture with naturally preserved patina, protected only with wax, without any interference in the woodcarving.<\/p>\n<p>Square Drop\u2019s project, created with elements of old, incomplete furnitures, in accordance with the idea of the studio to create new forms with visible traces of history. Vintage wood gains new life in form of <em>upcycled furniture<\/em>. <\/p>\n<p>Exotic wood with a seat upholstered with natural jute fabric. The seat on the frame, unattached to the base, allows easy replacement. <\/p>\n<p>The bench was presented at the \u0141\u00f3d\u017a Design Festival as part of the exhibition of the N\u00f3w. Nowe Rzemios\u0142o association. Nowe Rzemios\u0142o<\/p>\n","protected":false},"featured_media":1723,"template":"","meta":{"_acf_changed":false,"inline_featured_image":false},"product_cat":[211,210],"product_tag":[260,243,344],"acf":[],"yoast_head":"<title>Bench made of exotic wood with a jute seat &#8211; Square Drop<\/title>\n<meta name=\"robots\" content=\"index, follow, max-snippet:-1, max-image-preview:large, max-video-preview:-1\" \/>\n<link rel=\"canonical\" href=\"https:\/\/squaredrop.pl\/en\/product\/bench-made-of-exotic-wood-with-a-jute-seat\/\" \/>\n<meta property=\"og:locale\" content=\"en_US\" \/>\n<meta property=\"og:type\" content=\"article\" \/>\n<meta property=\"og:title\" content=\"Bench made of exotic wood with a jute seat &#8211; Square Drop\" \/>\n<meta property=\"og:description\" content=\"Bench made out of upcycled wood from an old 19th\/20th colonial table. A piece of furniture with naturally preserved patina, protected only with wax, without any interference in the woodcarving. Square Drop\u2019s project, created with elements of old, incomplete furnitures, in accordance with the idea of the studio to create new forms with visible traces of history. Vintage wood gains new life in form of upcycled furniture.  Exotic wood with a seat upholstered with natural jute fabric. The seat on the frame, unattached to the base, allows easy replacement.  The bench was presented at the \u0141\u00f3d\u017a Design Festival as part of the exhibition of the N\u00f3w. Nowe Rzemios\u0142o association. Nowe Rzemios\u0142o\" \/>\n<meta property=\"og:url\" content=\"https:\/\/squaredrop.pl\/en\/product\/bench-made-of-exotic-wood-with-a-jute-seat\/\" \/>\n<meta property=\"og:site_name\" content=\"Square Drop\" \/>\n<meta property=\"article:publisher\" content=\"https:\/\/www.facebook.com\/squaredrop\" \/>\n<meta property=\"article:modified_time\" content=\"2024-03-13T09:42:47+00:00\" \/>\n<meta property=\"og:image\" content=\"https:\/\/squaredrop.pl\/wp-content\/uploads\/lawka-egzotyczne-drewno-juta-square-drop.jpg\" \/>\n\t<meta property=\"og:image:width\" content=\"1800\" \/>\n\t<meta property=\"og:image:height\" content=\"1800\" \/>\n\t<meta property=\"og:image:type\" content=\"image\/jpeg\" \/>\n<meta name=\"twitter:card\" content=\"summary_large_image\" \/>\n<script type=\"application\/ld+json\" class=\"yoast-schema-graph\">{\"@context\":\"https:\/\/schema.org\",\"@graph\":[{\"@type\":[\"WebPage\",\"ItemPage\"],\"@id\":\"https:\/\/squaredrop.pl\/en\/product\/bench-made-of-exotic-wood-with-a-jute-seat\/\",\"url\":\"https:\/\/squaredrop.pl\/en\/product\/bench-made-of-exotic-wood-with-a-jute-seat\/\",\"name\":\"Bench made of exotic wood with a jute seat &#8211; Square Drop\",\"isPartOf\":{\"@id\":\"https:\/\/squaredrop.pl\/en\/#website\"},\"primaryImageOfPage\":{\"@id\":\"https:\/\/squaredrop.pl\/en\/product\/bench-made-of-exotic-wood-with-a-jute-seat\/#primaryimage\"},\"image\":{\"@id\":\"https:\/\/squaredrop.pl\/en\/product\/bench-made-of-exotic-wood-with-a-jute-seat\/#primaryimage\"},\"thumbnailUrl\":\"https:\/\/squaredrop.pl\/wp-content\/uploads\/lawka-egzotyczne-drewno-juta-square-drop.jpg\",\"datePublished\":\"2024-03-07T11:19:57+00:00\",\"dateModified\":\"2024-03-13T09:42:47+00:00\",\"breadcrumb\":{\"@id\":\"https:\/\/squaredrop.pl\/en\/product\/bench-made-of-exotic-wood-with-a-jute-seat\/#breadcrumb\"},\"inLanguage\":\"en-US\",\"potentialAction\":[{\"@type\":\"ReadAction\",\"target\":[\"https:\/\/squaredrop.pl\/en\/product\/bench-made-of-exotic-wood-with-a-jute-seat\/\"]}]},{\"@type\":\"ImageObject\",\"inLanguage\":\"en-US\",\"@id\":\"https:\/\/squaredrop.pl\/en\/product\/bench-made-of-exotic-wood-with-a-jute-seat\/#primaryimage\",\"url\":\"https:\/\/squaredrop.pl\/wp-content\/uploads\/lawka-egzotyczne-drewno-juta-square-drop.jpg\",\"contentUrl\":\"https:\/\/squaredrop.pl\/wp-content\/uploads\/lawka-egzotyczne-drewno-juta-square-drop.jpg\",\"width\":1800,\"height\":1800},{\"@type\":\"BreadcrumbList\",\"@id\":\"https:\/\/squaredrop.pl\/en\/product\/bench-made-of-exotic-wood-with-a-jute-seat\/#breadcrumb\",\"itemListElement\":[{\"@type\":\"ListItem\",\"position\":1,\"name\":\"Home\",\"item\":\"https:\/\/squaredrop.pl\/en\/homepage\/\"},{\"@type\":\"ListItem\",\"position\":2,\"name\":\"Bench made of exotic wood with a jute seat\"}]},{\"@type\":\"WebSite\",\"@id\":\"https:\/\/squaredrop.pl\/en\/#website\",\"url\":\"https:\/\/squaredrop.pl\/en\/\",\"name\":\"Square Drop \u2013 Fine Art Conservation Lab\",\"description\":\"Fine Art Conservation Lab\",\"publisher\":{\"@id\":\"https:\/\/squaredrop.pl\/en\/#organization\"},\"alternateName\":\"Square Drop \u2013 Renowacja i projektowanie mebli\",\"potentialAction\":[{\"@type\":\"SearchAction\",\"target\":{\"@type\":\"EntryPoint\",\"urlTemplate\":\"https:\/\/squaredrop.pl\/en\/?s={search_term_string}\"},\"query-input\":{\"@type\":\"PropertyValueSpecification\",\"valueRequired\":true,\"valueName\":\"search_term_string\"}}],\"inLanguage\":\"en-US\"},{\"@type\":\"Organization\",\"@id\":\"https:\/\/squaredrop.pl\/en\/#organization\",\"name\":\"Square Drop\",\"alternateName\":\"Fine Art Conservation Lab\",\"url\":\"https:\/\/squaredrop.pl\/en\/\",\"logo\":{\"@type\":\"ImageObject\",\"inLanguage\":\"en-US\",\"@id\":\"https:\/\/squaredrop.pl\/en\/#\/schema\/logo\/image\/\",\"url\":\"https:\/\/squaredrop.pl\/wp-content\/uploads\/2024\/01\/squaredrop-logo-black.png\",\"contentUrl\":\"https:\/\/squaredrop.pl\/wp-content\/uploads\/2024\/01\/squaredrop-logo-black.png\",\"width\":500,\"height\":136,\"caption\":\"Square Drop\"},\"image\":{\"@id\":\"https:\/\/squaredrop.pl\/en\/#\/schema\/logo\/image\/\"},\"sameAs\":[\"https:\/\/www.facebook.com\/squaredrop\",\"https:\/\/www.instagram.com\/squaredrop\/\"]}]}<\/script>","yoast_head_json":{"title":"Bench made of exotic wood with a jute seat &#8211; Square Drop","robots":{"index":"index","follow":"follow","max-snippet":"max-snippet:-1","max-image-preview":"max-image-preview:large","max-video-preview":"max-video-preview:-1"},"canonical":"https:\/\/squaredrop.pl\/en\/product\/bench-made-of-exotic-wood-with-a-jute-seat\/","og_locale":"en_US","og_type":"article","og_title":"Bench made of exotic wood with a jute seat &#8211; Square Drop","og_description":"Bench made out of upcycled wood from an old 19th\/20th colonial table. A piece of furniture with naturally preserved patina, protected only with wax, without any interference in the woodcarving. Square Drop\u2019s project, created with elements of old, incomplete furnitures, in accordance with the idea of the studio to create new forms with visible traces of history. Vintage wood gains new life in form of upcycled furniture.  Exotic wood with a seat upholstered with natural jute fabric. The seat on the frame, unattached to the base, allows easy replacement.  The bench was presented at the \u0141\u00f3d\u017a Design Festival as part of the exhibition of the N\u00f3w. Nowe Rzemios\u0142o association. Nowe Rzemios\u0142o","og_url":"https:\/\/squaredrop.pl\/en\/product\/bench-made-of-exotic-wood-with-a-jute-seat\/","og_site_name":"Square Drop","article_publisher":"https:\/\/www.facebook.com\/squaredrop","article_modified_time":"2024-03-13T09:42:47+00:00","og_image":[{"width":1800,"height":1800,"url":"https:\/\/squaredrop.pl\/wp-content\/uploads\/lawka-egzotyczne-drewno-juta-square-drop.jpg","type":"image\/jpeg"}],"twitter_card":"summary_large_image","schema":{"@context":"https:\/\/schema.org","@graph":[{"@type":["WebPage","ItemPage"],"@id":"https:\/\/squaredrop.pl\/en\/product\/bench-made-of-exotic-wood-with-a-jute-seat\/","url":"https:\/\/squaredrop.pl\/en\/product\/bench-made-of-exotic-wood-with-a-jute-seat\/","name":"Bench made of exotic wood with a jute seat &#8211; Square Drop","isPartOf":{"@id":"https:\/\/squaredrop.pl\/en\/#website"},"primaryImageOfPage":{"@id":"https:\/\/squaredrop.pl\/en\/product\/bench-made-of-exotic-wood-with-a-jute-seat\/#primaryimage"},"image":{"@id":"https:\/\/squaredrop.pl\/en\/product\/bench-made-of-exotic-wood-with-a-jute-seat\/#primaryimage"},"thumbnailUrl":"https:\/\/squaredrop.pl\/wp-content\/uploads\/lawka-egzotyczne-drewno-juta-square-drop.jpg","datePublished":"2024-03-07T11:19:57+00:00","dateModified":"2024-03-13T09:42:47+00:00","breadcrumb":{"@id":"https:\/\/squaredrop.pl\/en\/product\/bench-made-of-exotic-wood-with-a-jute-seat\/#breadcrumb"},"inLanguage":"en-US","potentialAction":[{"@type":"ReadAction","target":["https:\/\/squaredrop.pl\/en\/product\/bench-made-of-exotic-wood-with-a-jute-seat\/"]}]},{"@type":"ImageObject","inLanguage":"en-US","@id":"https:\/\/squaredrop.pl\/en\/product\/bench-made-of-exotic-wood-with-a-jute-seat\/#primaryimage","url":"https:\/\/squaredrop.pl\/wp-content\/uploads\/lawka-egzotyczne-drewno-juta-square-drop.jpg","contentUrl":"https:\/\/squaredrop.pl\/wp-content\/uploads\/lawka-egzotyczne-drewno-juta-square-drop.jpg","width":1800,"height":1800},{"@type":"BreadcrumbList","@id":"https:\/\/squaredrop.pl\/en\/product\/bench-made-of-exotic-wood-with-a-jute-seat\/#breadcrumb","itemListElement":[{"@type":"ListItem","position":1,"name":"Home","item":"https:\/\/squaredrop.pl\/en\/homepage\/"},{"@type":"ListItem","position":2,"name":"Bench made of exotic wood with a jute seat"}]},{"@type":"WebSite","@id":"https:\/\/squaredrop.pl\/en\/#website","url":"https:\/\/squaredrop.pl\/en\/","name":"Square Drop \u2013 Fine Art Conservation Lab","description":"Fine Art Conservation Lab","publisher":{"@id":"https:\/\/squaredrop.pl\/en\/#organization"},"alternateName":"Square Drop \u2013 Renowacja i projektowanie mebli","potentialAction":[{"@type":"SearchAction","target":{"@type":"EntryPoint","urlTemplate":"https:\/\/squaredrop.pl\/en\/?s={search_term_string}"},"query-input":{"@type":"PropertyValueSpecification","valueRequired":true,"valueName":"search_term_string"}}],"inLanguage":"en-US"},{"@type":"Organization","@id":"https:\/\/squaredrop.pl\/en\/#organization","name":"Square Drop","alternateName":"Fine Art Conservation Lab","url":"https:\/\/squaredrop.pl\/en\/","logo":{"@type":"ImageObject","inLanguage":"en-US","@id":"https:\/\/squaredrop.pl\/en\/#\/schema\/logo\/image\/","url":"https:\/\/squaredrop.pl\/wp-content\/uploads\/2024\/01\/squaredrop-logo-black.png","contentUrl":"https:\/\/squaredrop.pl\/wp-content\/uploads\/2024\/01\/squaredrop-logo-black.png","width":500,"height":136,"caption":"Square Drop"},"image":{"@id":"https:\/\/squaredrop.pl\/en\/#\/schema\/logo\/image\/"},"sameAs":["https:\/\/www.facebook.com\/squaredrop","https:\/\/www.instagram.com\/squaredrop\/"]}]}},"_links":{"self":[{"href":"https:\/\/squaredrop.pl\/en\/wp-json\/wp\/v2\/product\/1853"}],"collection":[{"href":"https:\/\/squaredrop.pl\/en\/wp-json\/wp\/v2\/product"}],"about":[{"href":"https:\/\/squaredrop.pl\/en\/wp-json\/wp\/v2\/types\/product"}],"wp:featuredmedia":[{"embeddable":true,"href":"https:\/\/squaredrop.pl\/en\/wp-json\/wp\/v2\/media\/1723"}],"wp:attachment":[{"href":"https:\/\/squaredrop.pl\/en\/wp-json\/wp\/v2\/media?parent=1853"}],"wp:term":[{"taxonomy":"product_cat","embeddable":true,"href":"https:\/\/squaredrop.pl\/en\/wp-json\/wp\/v2\/product_cat?post=1853"},{"taxonomy":"product_tag","embeddable":true,"href":"https:\/\/squaredrop.pl\/en\/wp-json\/wp\/v2\/product_tag?post=1853"}],"curies":[{"name":"wp","href":"https:\/\/api.w.org\/{rel}","templated":true}]}}