{"id":2046,"date":"2024-01-24T21:19:20","date_gmt":"2024-01-24T20:19:20","guid":{"rendered":"https:\/\/squaredrop.pl\/product\/curul-chair-bright\/"},"modified":"2026-02-20T13:13:54","modified_gmt":"2026-02-20T12:13:54","slug":"curul-chair-bright-seat-seating","status":"publish","type":"product","link":"https:\/\/squaredrop.pl\/en\/product\/curul-chair-bright-seat-seating\/","title":{"rendered":"Curul chair bright"},"content":{"rendered":"","protected":false},"excerpt":{"rendered":"<p>It is the essence of the antique form, referring to the Renaissance Dante armchair. The arches intersect in the central point, creating an elegant seat. The brass detailing at the top of the arm- rests makes for subtle decoration, while the brass leg caps lift the form, giving lightness to it.<\/p>\n","protected":false},"featured_media":1330,"template":"","meta":{"_acf_changed":false,"inline_featured_image":false},"product_cat":[286,314],"product_tag":[450,266,307,296,243,344],"acf":[],"yoast_head":"<title>Curul chair bright &#8211; Square Drop<\/title>\n<meta name=\"robots\" content=\"index, follow, max-snippet:-1, max-image-preview:large, max-video-preview:-1\" \/>\n<link rel=\"canonical\" href=\"https:\/\/squaredrop.pl\/en\/product\/curul-chair-bright-seat-seating\/\" \/>\n<meta property=\"og:locale\" content=\"en_US\" \/>\n<meta property=\"og:type\" content=\"article\" \/>\n<meta property=\"og:title\" content=\"Curul chair bright &#8211; Square Drop\" \/>\n<meta property=\"og:description\" content=\"It is the essence of the antique form, referring to the Renaissance Dante armchair. The arches intersect in the central point, creating an elegant seat. The brass detailing at the top of the arm- rests makes for subtle decoration, while the brass leg caps lift the form, giving lightness to it.\" \/>\n<meta property=\"og:url\" content=\"https:\/\/squaredrop.pl\/en\/product\/curul-chair-bright-seat-seating\/\" \/>\n<meta property=\"og:site_name\" content=\"Square Drop\" \/>\n<meta property=\"article:publisher\" content=\"https:\/\/www.facebook.com\/squaredrop\" \/>\n<meta property=\"article:modified_time\" content=\"2026-02-20T12:13:54+00:00\" \/>\n<meta property=\"og:image\" content=\"https:\/\/squaredrop.pl\/wp-content\/uploads\/Gondola_stool_Square_Drop_Oddity_Collection-scaled.jpg\" \/>\n\t<meta property=\"og:image:width\" content=\"2560\" \/>\n\t<meta property=\"og:image:height\" content=\"2560\" \/>\n\t<meta property=\"og:image:type\" content=\"image\/jpeg\" \/>\n<meta name=\"twitter:card\" content=\"summary_large_image\" \/>\n<script type=\"application\/ld+json\" class=\"yoast-schema-graph\">{\"@context\":\"https:\/\/schema.org\",\"@graph\":[{\"@type\":[\"WebPage\",\"ItemPage\"],\"@id\":\"https:\/\/squaredrop.pl\/en\/product\/curul-chair-bright-seat-seating\/\",\"url\":\"https:\/\/squaredrop.pl\/en\/product\/curul-chair-bright-seat-seating\/\",\"name\":\"Curul chair bright &#8211; Square Drop\",\"isPartOf\":{\"@id\":\"https:\/\/squaredrop.pl\/en\/#website\"},\"primaryImageOfPage\":{\"@id\":\"https:\/\/squaredrop.pl\/en\/product\/curul-chair-bright-seat-seating\/#primaryimage\"},\"image\":{\"@id\":\"https:\/\/squaredrop.pl\/en\/product\/curul-chair-bright-seat-seating\/#primaryimage\"},\"thumbnailUrl\":\"https:\/\/squaredrop.pl\/wp-content\/uploads\/Gondola_stool_Square_Drop_Oddity_Collection-scaled.jpg\",\"datePublished\":\"2024-01-24T20:19:20+00:00\",\"dateModified\":\"2026-02-20T12:13:54+00:00\",\"breadcrumb\":{\"@id\":\"https:\/\/squaredrop.pl\/en\/product\/curul-chair-bright-seat-seating\/#breadcrumb\"},\"inLanguage\":\"en-US\",\"potentialAction\":[{\"@type\":\"ReadAction\",\"target\":[\"https:\/\/squaredrop.pl\/en\/product\/curul-chair-bright-seat-seating\/\"]}]},{\"@type\":\"ImageObject\",\"inLanguage\":\"en-US\",\"@id\":\"https:\/\/squaredrop.pl\/en\/product\/curul-chair-bright-seat-seating\/#primaryimage\",\"url\":\"https:\/\/squaredrop.pl\/wp-content\/uploads\/Gondola_stool_Square_Drop_Oddity_Collection-scaled.jpg\",\"contentUrl\":\"https:\/\/squaredrop.pl\/wp-content\/uploads\/Gondola_stool_Square_Drop_Oddity_Collection-scaled.jpg\",\"width\":2560,\"height\":2560,\"caption\":\"Wsp\u00f3\u0142czesne rzemios\u0142o jasna gondola Oddity\"},{\"@type\":\"BreadcrumbList\",\"@id\":\"https:\/\/squaredrop.pl\/en\/product\/curul-chair-bright-seat-seating\/#breadcrumb\",\"itemListElement\":[{\"@type\":\"ListItem\",\"position\":1,\"name\":\"Home\",\"item\":\"https:\/\/squaredrop.pl\/en\/homepage\/\"},{\"@type\":\"ListItem\",\"position\":2,\"name\":\"Curul chair bright\"}]},{\"@type\":\"WebSite\",\"@id\":\"https:\/\/squaredrop.pl\/en\/#website\",\"url\":\"https:\/\/squaredrop.pl\/en\/\",\"name\":\"Square Drop \u2013 Fine Art Conservation Lab\",\"description\":\"Fine Art Conservation Lab\",\"publisher\":{\"@id\":\"https:\/\/squaredrop.pl\/en\/#organization\"},\"alternateName\":\"Square Drop \u2013 Renowacja i projektowanie mebli\",\"potentialAction\":[{\"@type\":\"SearchAction\",\"target\":{\"@type\":\"EntryPoint\",\"urlTemplate\":\"https:\/\/squaredrop.pl\/en\/?s={search_term_string}\"},\"query-input\":{\"@type\":\"PropertyValueSpecification\",\"valueRequired\":true,\"valueName\":\"search_term_string\"}}],\"inLanguage\":\"en-US\"},{\"@type\":\"Organization\",\"@id\":\"https:\/\/squaredrop.pl\/en\/#organization\",\"name\":\"Square Drop\",\"alternateName\":\"Fine Art Conservation Lab\",\"url\":\"https:\/\/squaredrop.pl\/en\/\",\"logo\":{\"@type\":\"ImageObject\",\"inLanguage\":\"en-US\",\"@id\":\"https:\/\/squaredrop.pl\/en\/#\/schema\/logo\/image\/\",\"url\":\"https:\/\/squaredrop.pl\/wp-content\/uploads\/2024\/01\/squaredrop-logo-black.png\",\"contentUrl\":\"https:\/\/squaredrop.pl\/wp-content\/uploads\/2024\/01\/squaredrop-logo-black.png\",\"width\":500,\"height\":136,\"caption\":\"Square Drop\"},\"image\":{\"@id\":\"https:\/\/squaredrop.pl\/en\/#\/schema\/logo\/image\/\"},\"sameAs\":[\"https:\/\/www.facebook.com\/squaredrop\",\"https:\/\/www.instagram.com\/squaredrop\/\"]}]}<\/script>","yoast_head_json":{"title":"Curul chair bright &#8211; Square Drop","robots":{"index":"index","follow":"follow","max-snippet":"max-snippet:-1","max-image-preview":"max-image-preview:large","max-video-preview":"max-video-preview:-1"},"canonical":"https:\/\/squaredrop.pl\/en\/product\/curul-chair-bright-seat-seating\/","og_locale":"en_US","og_type":"article","og_title":"Curul chair bright &#8211; Square Drop","og_description":"It is the essence of the antique form, referring to the Renaissance Dante armchair. The arches intersect in the central point, creating an elegant seat. The brass detailing at the top of the arm- rests makes for subtle decoration, while the brass leg caps lift the form, giving lightness to it.","og_url":"https:\/\/squaredrop.pl\/en\/product\/curul-chair-bright-seat-seating\/","og_site_name":"Square Drop","article_publisher":"https:\/\/www.facebook.com\/squaredrop","article_modified_time":"2026-02-20T12:13:54+00:00","og_image":[{"width":2560,"height":2560,"url":"https:\/\/squaredrop.pl\/wp-content\/uploads\/Gondola_stool_Square_Drop_Oddity_Collection-scaled.jpg","type":"image\/jpeg"}],"twitter_card":"summary_large_image","schema":{"@context":"https:\/\/schema.org","@graph":[{"@type":["WebPage","ItemPage"],"@id":"https:\/\/squaredrop.pl\/en\/product\/curul-chair-bright-seat-seating\/","url":"https:\/\/squaredrop.pl\/en\/product\/curul-chair-bright-seat-seating\/","name":"Curul chair bright &#8211; Square Drop","isPartOf":{"@id":"https:\/\/squaredrop.pl\/en\/#website"},"primaryImageOfPage":{"@id":"https:\/\/squaredrop.pl\/en\/product\/curul-chair-bright-seat-seating\/#primaryimage"},"image":{"@id":"https:\/\/squaredrop.pl\/en\/product\/curul-chair-bright-seat-seating\/#primaryimage"},"thumbnailUrl":"https:\/\/squaredrop.pl\/wp-content\/uploads\/Gondola_stool_Square_Drop_Oddity_Collection-scaled.jpg","datePublished":"2024-01-24T20:19:20+00:00","dateModified":"2026-02-20T12:13:54+00:00","breadcrumb":{"@id":"https:\/\/squaredrop.pl\/en\/product\/curul-chair-bright-seat-seating\/#breadcrumb"},"inLanguage":"en-US","potentialAction":[{"@type":"ReadAction","target":["https:\/\/squaredrop.pl\/en\/product\/curul-chair-bright-seat-seating\/"]}]},{"@type":"ImageObject","inLanguage":"en-US","@id":"https:\/\/squaredrop.pl\/en\/product\/curul-chair-bright-seat-seating\/#primaryimage","url":"https:\/\/squaredrop.pl\/wp-content\/uploads\/Gondola_stool_Square_Drop_Oddity_Collection-scaled.jpg","contentUrl":"https:\/\/squaredrop.pl\/wp-content\/uploads\/Gondola_stool_Square_Drop_Oddity_Collection-scaled.jpg","width":2560,"height":2560,"caption":"Wsp\u00f3\u0142czesne rzemios\u0142o jasna gondola Oddity"},{"@type":"BreadcrumbList","@id":"https:\/\/squaredrop.pl\/en\/product\/curul-chair-bright-seat-seating\/#breadcrumb","itemListElement":[{"@type":"ListItem","position":1,"name":"Home","item":"https:\/\/squaredrop.pl\/en\/homepage\/"},{"@type":"ListItem","position":2,"name":"Curul chair bright"}]},{"@type":"WebSite","@id":"https:\/\/squaredrop.pl\/en\/#website","url":"https:\/\/squaredrop.pl\/en\/","name":"Square Drop \u2013 Fine Art Conservation Lab","description":"Fine Art Conservation Lab","publisher":{"@id":"https:\/\/squaredrop.pl\/en\/#organization"},"alternateName":"Square Drop \u2013 Renowacja i projektowanie mebli","potentialAction":[{"@type":"SearchAction","target":{"@type":"EntryPoint","urlTemplate":"https:\/\/squaredrop.pl\/en\/?s={search_term_string}"},"query-input":{"@type":"PropertyValueSpecification","valueRequired":true,"valueName":"search_term_string"}}],"inLanguage":"en-US"},{"@type":"Organization","@id":"https:\/\/squaredrop.pl\/en\/#organization","name":"Square Drop","alternateName":"Fine Art Conservation Lab","url":"https:\/\/squaredrop.pl\/en\/","logo":{"@type":"ImageObject","inLanguage":"en-US","@id":"https:\/\/squaredrop.pl\/en\/#\/schema\/logo\/image\/","url":"https:\/\/squaredrop.pl\/wp-content\/uploads\/2024\/01\/squaredrop-logo-black.png","contentUrl":"https:\/\/squaredrop.pl\/wp-content\/uploads\/2024\/01\/squaredrop-logo-black.png","width":500,"height":136,"caption":"Square Drop"},"image":{"@id":"https:\/\/squaredrop.pl\/en\/#\/schema\/logo\/image\/"},"sameAs":["https:\/\/www.facebook.com\/squaredrop","https:\/\/www.instagram.com\/squaredrop\/"]}]}},"_links":{"self":[{"href":"https:\/\/squaredrop.pl\/en\/wp-json\/wp\/v2\/product\/2046"}],"collection":[{"href":"https:\/\/squaredrop.pl\/en\/wp-json\/wp\/v2\/product"}],"about":[{"href":"https:\/\/squaredrop.pl\/en\/wp-json\/wp\/v2\/types\/product"}],"wp:featuredmedia":[{"embeddable":true,"href":"https:\/\/squaredrop.pl\/en\/wp-json\/wp\/v2\/media\/1330"}],"wp:attachment":[{"href":"https:\/\/squaredrop.pl\/en\/wp-json\/wp\/v2\/media?parent=2046"}],"wp:term":[{"taxonomy":"product_cat","embeddable":true,"href":"https:\/\/squaredrop.pl\/en\/wp-json\/wp\/v2\/product_cat?post=2046"},{"taxonomy":"product_tag","embeddable":true,"href":"https:\/\/squaredrop.pl\/en\/wp-json\/wp\/v2\/product_tag?post=2046"}],"curies":[{"name":"wp","href":"https:\/\/api.w.org\/{rel}","templated":true}]}}