{"id":2219,"date":"2024-06-04T11:39:55","date_gmt":"2024-06-04T09:39:55","guid":{"rendered":"https:\/\/squaredrop.pl\/product\/kissing-chair\/"},"modified":"2026-01-02T16:47:30","modified_gmt":"2026-01-02T15:47:30","slug":"kissing-chair","status":"publish","type":"product","link":"https:\/\/squaredrop.pl\/en\/product\/kissing-chair\/","title":{"rendered":"Kissing chair"},"content":{"rendered":"","protected":false},"excerpt":{"rendered":"<p>A unique piece of confident (French), kissing chair furniture, also called vis-\u00e0-vis or t\u00eate-\u00e0-t\u00eate, a double S-shaped armchair (sofa) with two seats separated by handrails, which allows two people to carry on a conversation without turning their heads.<br \/>\nThe furniture originated in France in the 18th century and spread throughout Europe in the 19th century. <\/p>\n<p>The confidante usually stood in the middle of the living room. The furniture available at Square Drop most likely comes from northern Italy or southern Germany. Made of walnut wood with red gilt. Grotesque furniture with motifs of faun heads in the legs transiting into the backrest, the furniture\u2019s legs ending with floral motifs resembling hooves. On the back there are putt faces.     <\/p>\n<p>Grotesque furniture with motifs of faun heads in the legs transiting into the backrest, the furniture\u2019s legs ending with floral motifs resembling hooves. On the back there are putt faces.  <\/p>\n<p>Furniture before restoration with preserved patina, seat upholstered with cotton. Also available <a href=\"https:\/\/squaredrop.pl\/sklep\/\">inne meble<\/a> <\/p>\n","protected":false},"featured_media":2172,"template":"","meta":{"_acf_changed":false,"inline_featured_image":false},"product_cat":[211,210],"product_tag":[213,240,332,633,331,632,243,584,634,344],"acf":[],"yoast_head":"<title>Kissing chair armchair - antiques in Square Drop<\/title>\n<meta name=\"description\" content=\"The &#039;kissing chair&#039; is an antique featuring seats separated by armrests, designed to allow two people to carry on a conversation without having to turn their heads.\" \/>\n<meta name=\"robots\" content=\"index, follow, max-snippet:-1, max-image-preview:large, max-video-preview:-1\" \/>\n<link rel=\"canonical\" href=\"https:\/\/squaredrop.pl\/en\/product\/kissing-chair\/\" \/>\n<meta property=\"og:locale\" content=\"en_US\" \/>\n<meta property=\"og:type\" content=\"article\" \/>\n<meta property=\"og:title\" content=\"Kissing chair armchair - antiques in Square Drop\" \/>\n<meta property=\"og:description\" content=\"The &#039;kissing chair&#039; is an antique featuring seats separated by armrests, designed to allow two people to carry on a conversation without having to turn their heads.\" \/>\n<meta property=\"og:url\" content=\"https:\/\/squaredrop.pl\/en\/product\/kissing-chair\/\" \/>\n<meta property=\"og:site_name\" content=\"Square Drop\" \/>\n<meta property=\"article:publisher\" content=\"https:\/\/www.facebook.com\/squaredrop\" \/>\n<meta property=\"article:modified_time\" content=\"2026-01-02T15:47:30+00:00\" \/>\n<meta property=\"og:image\" content=\"https:\/\/squaredrop.pl\/wp-content\/uploads\/kissing-chair-at-square-drop-showroom-antyk-detail-antique-milanowek-1024x1024.jpg\" \/>\n\t<meta property=\"og:image:width\" content=\"1024\" \/>\n\t<meta property=\"og:image:height\" content=\"1024\" \/>\n\t<meta property=\"og:image:type\" content=\"image\/jpeg\" \/>\n<meta name=\"twitter:card\" content=\"summary_large_image\" \/>\n<script type=\"application\/ld+json\" class=\"yoast-schema-graph\">{\"@context\":\"https:\/\/schema.org\",\"@graph\":[{\"@type\":[\"WebPage\",\"ItemPage\"],\"@id\":\"https:\/\/squaredrop.pl\/en\/product\/kissing-chair\/\",\"url\":\"https:\/\/squaredrop.pl\/en\/product\/kissing-chair\/\",\"name\":\"Kissing chair armchair - antiques in Square Drop\",\"isPartOf\":{\"@id\":\"https:\/\/squaredrop.pl\/en\/#website\"},\"primaryImageOfPage\":{\"@id\":\"https:\/\/squaredrop.pl\/en\/product\/kissing-chair\/#primaryimage\"},\"image\":{\"@id\":\"https:\/\/squaredrop.pl\/en\/product\/kissing-chair\/#primaryimage\"},\"thumbnailUrl\":\"https:\/\/squaredrop.pl\/wp-content\/uploads\/kissing-chair-at-square-drop-showroom-antyk-detail-antique-milanowek.jpg\",\"datePublished\":\"2024-06-04T09:39:55+00:00\",\"dateModified\":\"2026-01-02T15:47:30+00:00\",\"description\":\"The 'kissing chair' is an antique featuring seats separated by armrests, designed to allow two people to carry on a conversation without having to turn their heads.\",\"breadcrumb\":{\"@id\":\"https:\/\/squaredrop.pl\/en\/product\/kissing-chair\/#breadcrumb\"},\"inLanguage\":\"en-US\",\"potentialAction\":[{\"@type\":\"ReadAction\",\"target\":[\"https:\/\/squaredrop.pl\/en\/product\/kissing-chair\/\"]}]},{\"@type\":\"ImageObject\",\"inLanguage\":\"en-US\",\"@id\":\"https:\/\/squaredrop.pl\/en\/product\/kissing-chair\/#primaryimage\",\"url\":\"https:\/\/squaredrop.pl\/wp-content\/uploads\/kissing-chair-at-square-drop-showroom-antyk-detail-antique-milanowek.jpg\",\"contentUrl\":\"https:\/\/squaredrop.pl\/wp-content\/uploads\/kissing-chair-at-square-drop-showroom-antyk-detail-antique-milanowek.jpg\",\"width\":2000,\"height\":2000,\"caption\":\"Kissing chair armchair\"},{\"@type\":\"BreadcrumbList\",\"@id\":\"https:\/\/squaredrop.pl\/en\/product\/kissing-chair\/#breadcrumb\",\"itemListElement\":[{\"@type\":\"ListItem\",\"position\":1,\"name\":\"Home\",\"item\":\"https:\/\/squaredrop.pl\/en\/homepage\/\"},{\"@type\":\"ListItem\",\"position\":2,\"name\":\"Kissing chair\"}]},{\"@type\":\"WebSite\",\"@id\":\"https:\/\/squaredrop.pl\/en\/#website\",\"url\":\"https:\/\/squaredrop.pl\/en\/\",\"name\":\"Square Drop \u2013 Fine Art Conservation Lab\",\"description\":\"Fine Art Conservation Lab\",\"publisher\":{\"@id\":\"https:\/\/squaredrop.pl\/en\/#organization\"},\"alternateName\":\"Square Drop \u2013 Renowacja i projektowanie mebli\",\"potentialAction\":[{\"@type\":\"SearchAction\",\"target\":{\"@type\":\"EntryPoint\",\"urlTemplate\":\"https:\/\/squaredrop.pl\/en\/?s={search_term_string}\"},\"query-input\":{\"@type\":\"PropertyValueSpecification\",\"valueRequired\":true,\"valueName\":\"search_term_string\"}}],\"inLanguage\":\"en-US\"},{\"@type\":\"Organization\",\"@id\":\"https:\/\/squaredrop.pl\/en\/#organization\",\"name\":\"Square Drop\",\"alternateName\":\"Fine Art Conservation Lab\",\"url\":\"https:\/\/squaredrop.pl\/en\/\",\"logo\":{\"@type\":\"ImageObject\",\"inLanguage\":\"en-US\",\"@id\":\"https:\/\/squaredrop.pl\/en\/#\/schema\/logo\/image\/\",\"url\":\"https:\/\/squaredrop.pl\/wp-content\/uploads\/2024\/01\/squaredrop-logo-black.png\",\"contentUrl\":\"https:\/\/squaredrop.pl\/wp-content\/uploads\/2024\/01\/squaredrop-logo-black.png\",\"width\":500,\"height\":136,\"caption\":\"Square Drop\"},\"image\":{\"@id\":\"https:\/\/squaredrop.pl\/en\/#\/schema\/logo\/image\/\"},\"sameAs\":[\"https:\/\/www.facebook.com\/squaredrop\",\"https:\/\/www.instagram.com\/squaredrop\/\"]}]}<\/script>","yoast_head_json":{"title":"Kissing chair armchair - antiques in Square Drop","description":"The 'kissing chair' is an antique featuring seats separated by armrests, designed to allow two people to carry on a conversation without having to turn their heads.","robots":{"index":"index","follow":"follow","max-snippet":"max-snippet:-1","max-image-preview":"max-image-preview:large","max-video-preview":"max-video-preview:-1"},"canonical":"https:\/\/squaredrop.pl\/en\/product\/kissing-chair\/","og_locale":"en_US","og_type":"article","og_title":"Kissing chair armchair - antiques in Square Drop","og_description":"The 'kissing chair' is an antique featuring seats separated by armrests, designed to allow two people to carry on a conversation without having to turn their heads.","og_url":"https:\/\/squaredrop.pl\/en\/product\/kissing-chair\/","og_site_name":"Square Drop","article_publisher":"https:\/\/www.facebook.com\/squaredrop","article_modified_time":"2026-01-02T15:47:30+00:00","og_image":[{"width":1024,"height":1024,"url":"https:\/\/squaredrop.pl\/wp-content\/uploads\/kissing-chair-at-square-drop-showroom-antyk-detail-antique-milanowek-1024x1024.jpg","type":"image\/jpeg"}],"twitter_card":"summary_large_image","schema":{"@context":"https:\/\/schema.org","@graph":[{"@type":["WebPage","ItemPage"],"@id":"https:\/\/squaredrop.pl\/en\/product\/kissing-chair\/","url":"https:\/\/squaredrop.pl\/en\/product\/kissing-chair\/","name":"Kissing chair armchair - antiques in Square Drop","isPartOf":{"@id":"https:\/\/squaredrop.pl\/en\/#website"},"primaryImageOfPage":{"@id":"https:\/\/squaredrop.pl\/en\/product\/kissing-chair\/#primaryimage"},"image":{"@id":"https:\/\/squaredrop.pl\/en\/product\/kissing-chair\/#primaryimage"},"thumbnailUrl":"https:\/\/squaredrop.pl\/wp-content\/uploads\/kissing-chair-at-square-drop-showroom-antyk-detail-antique-milanowek.jpg","datePublished":"2024-06-04T09:39:55+00:00","dateModified":"2026-01-02T15:47:30+00:00","description":"The 'kissing chair' is an antique featuring seats separated by armrests, designed to allow two people to carry on a conversation without having to turn their heads.","breadcrumb":{"@id":"https:\/\/squaredrop.pl\/en\/product\/kissing-chair\/#breadcrumb"},"inLanguage":"en-US","potentialAction":[{"@type":"ReadAction","target":["https:\/\/squaredrop.pl\/en\/product\/kissing-chair\/"]}]},{"@type":"ImageObject","inLanguage":"en-US","@id":"https:\/\/squaredrop.pl\/en\/product\/kissing-chair\/#primaryimage","url":"https:\/\/squaredrop.pl\/wp-content\/uploads\/kissing-chair-at-square-drop-showroom-antyk-detail-antique-milanowek.jpg","contentUrl":"https:\/\/squaredrop.pl\/wp-content\/uploads\/kissing-chair-at-square-drop-showroom-antyk-detail-antique-milanowek.jpg","width":2000,"height":2000,"caption":"Kissing chair armchair"},{"@type":"BreadcrumbList","@id":"https:\/\/squaredrop.pl\/en\/product\/kissing-chair\/#breadcrumb","itemListElement":[{"@type":"ListItem","position":1,"name":"Home","item":"https:\/\/squaredrop.pl\/en\/homepage\/"},{"@type":"ListItem","position":2,"name":"Kissing chair"}]},{"@type":"WebSite","@id":"https:\/\/squaredrop.pl\/en\/#website","url":"https:\/\/squaredrop.pl\/en\/","name":"Square Drop \u2013 Fine Art Conservation Lab","description":"Fine Art Conservation Lab","publisher":{"@id":"https:\/\/squaredrop.pl\/en\/#organization"},"alternateName":"Square Drop \u2013 Renowacja i projektowanie mebli","potentialAction":[{"@type":"SearchAction","target":{"@type":"EntryPoint","urlTemplate":"https:\/\/squaredrop.pl\/en\/?s={search_term_string}"},"query-input":{"@type":"PropertyValueSpecification","valueRequired":true,"valueName":"search_term_string"}}],"inLanguage":"en-US"},{"@type":"Organization","@id":"https:\/\/squaredrop.pl\/en\/#organization","name":"Square Drop","alternateName":"Fine Art Conservation Lab","url":"https:\/\/squaredrop.pl\/en\/","logo":{"@type":"ImageObject","inLanguage":"en-US","@id":"https:\/\/squaredrop.pl\/en\/#\/schema\/logo\/image\/","url":"https:\/\/squaredrop.pl\/wp-content\/uploads\/2024\/01\/squaredrop-logo-black.png","contentUrl":"https:\/\/squaredrop.pl\/wp-content\/uploads\/2024\/01\/squaredrop-logo-black.png","width":500,"height":136,"caption":"Square Drop"},"image":{"@id":"https:\/\/squaredrop.pl\/en\/#\/schema\/logo\/image\/"},"sameAs":["https:\/\/www.facebook.com\/squaredrop","https:\/\/www.instagram.com\/squaredrop\/"]}]}},"_links":{"self":[{"href":"https:\/\/squaredrop.pl\/en\/wp-json\/wp\/v2\/product\/2219"}],"collection":[{"href":"https:\/\/squaredrop.pl\/en\/wp-json\/wp\/v2\/product"}],"about":[{"href":"https:\/\/squaredrop.pl\/en\/wp-json\/wp\/v2\/types\/product"}],"wp:featuredmedia":[{"embeddable":true,"href":"https:\/\/squaredrop.pl\/en\/wp-json\/wp\/v2\/media\/2172"}],"wp:attachment":[{"href":"https:\/\/squaredrop.pl\/en\/wp-json\/wp\/v2\/media?parent=2219"}],"wp:term":[{"taxonomy":"product_cat","embeddable":true,"href":"https:\/\/squaredrop.pl\/en\/wp-json\/wp\/v2\/product_cat?post=2219"},{"taxonomy":"product_tag","embeddable":true,"href":"https:\/\/squaredrop.pl\/en\/wp-json\/wp\/v2\/product_tag?post=2219"}],"curies":[{"name":"wp","href":"https:\/\/api.w.org\/{rel}","templated":true}]}}