{"id":2598,"date":"2024-07-17T13:11:38","date_gmt":"2024-07-17T11:11:38","guid":{"rendered":"https:\/\/squaredrop.pl\/?post_type=product&#038;p=2598"},"modified":"2026-02-15T18:37:10","modified_gmt":"2026-02-15T17:37:10","slug":"stolik-trn-4","status":"publish","type":"product","link":"https:\/\/squaredrop.pl\/en\/produkt\/stolik-trn-4\/","title":{"rendered":"Stolik TRN 4"},"content":{"rendered":"","protected":false},"excerpt":{"rendered":"<p>Stolik TRN projektu <strong>Pani Jurek<\/strong> wykonany jest z wyselekcjonowanego litego drewna jesionowego, przy u\u017cyciu tradycyjnych technik tworzenia szafek, jest barwione w drewnie i pokryte naturalnym woskiem.<br \/>\nR\u0119czny proces powstawania mebli nadaje im naprawd\u0119 niepowtarzalnego charakteru. Ka\u017cdy jest jedyny w swoim rodzaju. Stoliki wykonane s\u0105 we wsp\u00f3\u0142pracy ze <strong>Square Drop<\/strong> \u2013 pracowni\u0105 konserwatorsk\u0105 oraz mebli unikatowych.<\/p>\n<p>Stoliki s\u0105 cz\u0119\u015bci\u0105 kolekcji TRN. Tr\u00f3jwymiarowe obiekty inspirowane malarstwem Tarasina maj\u0105 prost\u0105 kaligraficzn\u0105 form\u0119, dzi\u0119ki czemu mog\u0105 bawi\u0107 si\u0119 ze sob\u0105 niczym litery z nieistniej\u0105cego alfabetu.<\/p>\n<p><strong>Kolory do wyboru:<\/strong> czerwony, niebieski, zielony, czarny<\/p>\n","protected":false},"featured_media":2599,"template":"","meta":{"_acf_changed":false,"inline_featured_image":false},"product_cat":[68,393],"product_tag":[],"acf":[],"yoast_head":"<title>Stolik TRN 4 &#8211; Square Drop<\/title>\n<meta name=\"robots\" content=\"index, follow, max-snippet:-1, max-image-preview:large, max-video-preview:-1\" \/>\n<link rel=\"canonical\" href=\"https:\/\/squaredrop.pl\/en\/produkt\/stolik-trn-4\/\" \/>\n<meta property=\"og:locale\" content=\"en_US\" \/>\n<meta property=\"og:type\" content=\"article\" \/>\n<meta property=\"og:title\" content=\"Stolik TRN 4 &#8211; Square Drop\" \/>\n<meta property=\"og:description\" content=\"Stolik TRN projektu Pani Jurek wykonany jest z wyselekcjonowanego litego drewna jesionowego, przy u\u017cyciu tradycyjnych technik tworzenia szafek, jest barwione w drewnie i pokryte naturalnym woskiem. R\u0119czny proces powstawania mebli nadaje im naprawd\u0119 niepowtarzalnego charakteru. Ka\u017cdy jest jedyny w swoim rodzaju. Stoliki wykonane s\u0105 we wsp\u00f3\u0142pracy ze Square Drop \u2013 pracowni\u0105 konserwatorsk\u0105 oraz mebli unikatowych.  Stoliki s\u0105 cz\u0119\u015bci\u0105 kolekcji TRN. Tr\u00f3jwymiarowe obiekty inspirowane malarstwem Tarasina maj\u0105 prost\u0105 kaligraficzn\u0105 form\u0119, dzi\u0119ki czemu mog\u0105 bawi\u0107 si\u0119 ze sob\u0105 niczym litery z nieistniej\u0105cego alfabetu.  Kolory do wyboru: czerwony, niebieski, zielony, czarny\" \/>\n<meta property=\"og:url\" content=\"https:\/\/squaredrop.pl\/en\/produkt\/stolik-trn-4\/\" \/>\n<meta property=\"og:site_name\" content=\"Square Drop\" \/>\n<meta property=\"article:publisher\" content=\"https:\/\/www.facebook.com\/squaredrop\" \/>\n<meta property=\"article:modified_time\" content=\"2026-02-15T17:37:10+00:00\" \/>\n<meta property=\"og:image\" content=\"https:\/\/squaredrop.pl\/wp-content\/uploads\/Pani-Jurek_TRN-table_4green.webp\" \/>\n\t<meta property=\"og:image:width\" content=\"2244\" \/>\n\t<meta property=\"og:image:height\" content=\"2244\" \/>\n\t<meta property=\"og:image:type\" content=\"image\/webp\" \/>\n<meta name=\"twitter:card\" content=\"summary_large_image\" \/>\n<script type=\"application\/ld+json\" class=\"yoast-schema-graph\">{\"@context\":\"https:\/\/schema.org\",\"@graph\":[{\"@type\":[\"WebPage\",\"ItemPage\"],\"@id\":\"https:\/\/squaredrop.pl\/en\/produkt\/stolik-trn-4\/\",\"url\":\"https:\/\/squaredrop.pl\/en\/produkt\/stolik-trn-4\/\",\"name\":\"Stolik TRN 4 &#8211; Square Drop\",\"isPartOf\":{\"@id\":\"https:\/\/squaredrop.pl\/en\/#website\"},\"primaryImageOfPage\":{\"@id\":\"https:\/\/squaredrop.pl\/en\/produkt\/stolik-trn-4\/#primaryimage\"},\"image\":{\"@id\":\"https:\/\/squaredrop.pl\/en\/produkt\/stolik-trn-4\/#primaryimage\"},\"thumbnailUrl\":\"https:\/\/squaredrop.pl\/wp-content\/uploads\/Pani-Jurek_TRN-table_4green.webp\",\"datePublished\":\"2024-07-17T11:11:38+00:00\",\"dateModified\":\"2026-02-15T17:37:10+00:00\",\"breadcrumb\":{\"@id\":\"https:\/\/squaredrop.pl\/en\/produkt\/stolik-trn-4\/#breadcrumb\"},\"inLanguage\":\"en-US\",\"potentialAction\":[{\"@type\":\"ReadAction\",\"target\":[\"https:\/\/squaredrop.pl\/en\/produkt\/stolik-trn-4\/\"]}]},{\"@type\":\"ImageObject\",\"inLanguage\":\"en-US\",\"@id\":\"https:\/\/squaredrop.pl\/en\/produkt\/stolik-trn-4\/#primaryimage\",\"url\":\"https:\/\/squaredrop.pl\/wp-content\/uploads\/Pani-Jurek_TRN-table_4green.webp\",\"contentUrl\":\"https:\/\/squaredrop.pl\/wp-content\/uploads\/Pani-Jurek_TRN-table_4green.webp\",\"width\":2244,\"height\":2244},{\"@type\":\"BreadcrumbList\",\"@id\":\"https:\/\/squaredrop.pl\/en\/produkt\/stolik-trn-4\/#breadcrumb\",\"itemListElement\":[{\"@type\":\"ListItem\",\"position\":1,\"name\":\"Home\",\"item\":\"https:\/\/squaredrop.pl\/en\/homepage\/\"},{\"@type\":\"ListItem\",\"position\":2,\"name\":\"Stolik TRN 4\"}]},{\"@type\":\"WebSite\",\"@id\":\"https:\/\/squaredrop.pl\/en\/#website\",\"url\":\"https:\/\/squaredrop.pl\/en\/\",\"name\":\"Square Drop \u2013 Fine Art Conservation Lab\",\"description\":\"Fine Art Conservation Lab\",\"publisher\":{\"@id\":\"https:\/\/squaredrop.pl\/en\/#organization\"},\"alternateName\":\"Square Drop \u2013 Renowacja i projektowanie mebli\",\"potentialAction\":[{\"@type\":\"SearchAction\",\"target\":{\"@type\":\"EntryPoint\",\"urlTemplate\":\"https:\/\/squaredrop.pl\/en\/?s={search_term_string}\"},\"query-input\":{\"@type\":\"PropertyValueSpecification\",\"valueRequired\":true,\"valueName\":\"search_term_string\"}}],\"inLanguage\":\"en-US\"},{\"@type\":\"Organization\",\"@id\":\"https:\/\/squaredrop.pl\/en\/#organization\",\"name\":\"Square Drop\",\"alternateName\":\"Fine Art Conservation Lab\",\"url\":\"https:\/\/squaredrop.pl\/en\/\",\"logo\":{\"@type\":\"ImageObject\",\"inLanguage\":\"en-US\",\"@id\":\"https:\/\/squaredrop.pl\/en\/#\/schema\/logo\/image\/\",\"url\":\"https:\/\/squaredrop.pl\/wp-content\/uploads\/2024\/01\/squaredrop-logo-black.png\",\"contentUrl\":\"https:\/\/squaredrop.pl\/wp-content\/uploads\/2024\/01\/squaredrop-logo-black.png\",\"width\":500,\"height\":136,\"caption\":\"Square Drop\"},\"image\":{\"@id\":\"https:\/\/squaredrop.pl\/en\/#\/schema\/logo\/image\/\"},\"sameAs\":[\"https:\/\/www.facebook.com\/squaredrop\",\"https:\/\/www.instagram.com\/squaredrop\/\"]}]}<\/script>","yoast_head_json":{"title":"Stolik TRN 4 &#8211; Square Drop","robots":{"index":"index","follow":"follow","max-snippet":"max-snippet:-1","max-image-preview":"max-image-preview:large","max-video-preview":"max-video-preview:-1"},"canonical":"https:\/\/squaredrop.pl\/en\/produkt\/stolik-trn-4\/","og_locale":"en_US","og_type":"article","og_title":"Stolik TRN 4 &#8211; Square Drop","og_description":"Stolik TRN projektu Pani Jurek wykonany jest z wyselekcjonowanego litego drewna jesionowego, przy u\u017cyciu tradycyjnych technik tworzenia szafek, jest barwione w drewnie i pokryte naturalnym woskiem. R\u0119czny proces powstawania mebli nadaje im naprawd\u0119 niepowtarzalnego charakteru. Ka\u017cdy jest jedyny w swoim rodzaju. Stoliki wykonane s\u0105 we wsp\u00f3\u0142pracy ze Square Drop \u2013 pracowni\u0105 konserwatorsk\u0105 oraz mebli unikatowych.  Stoliki s\u0105 cz\u0119\u015bci\u0105 kolekcji TRN. Tr\u00f3jwymiarowe obiekty inspirowane malarstwem Tarasina maj\u0105 prost\u0105 kaligraficzn\u0105 form\u0119, dzi\u0119ki czemu mog\u0105 bawi\u0107 si\u0119 ze sob\u0105 niczym litery z nieistniej\u0105cego alfabetu.  Kolory do wyboru: czerwony, niebieski, zielony, czarny","og_url":"https:\/\/squaredrop.pl\/en\/produkt\/stolik-trn-4\/","og_site_name":"Square Drop","article_publisher":"https:\/\/www.facebook.com\/squaredrop","article_modified_time":"2026-02-15T17:37:10+00:00","og_image":[{"width":2244,"height":2244,"url":"https:\/\/squaredrop.pl\/wp-content\/uploads\/Pani-Jurek_TRN-table_4green.webp","type":"image\/webp"}],"twitter_card":"summary_large_image","schema":{"@context":"https:\/\/schema.org","@graph":[{"@type":["WebPage","ItemPage"],"@id":"https:\/\/squaredrop.pl\/en\/produkt\/stolik-trn-4\/","url":"https:\/\/squaredrop.pl\/en\/produkt\/stolik-trn-4\/","name":"Stolik TRN 4 &#8211; Square Drop","isPartOf":{"@id":"https:\/\/squaredrop.pl\/en\/#website"},"primaryImageOfPage":{"@id":"https:\/\/squaredrop.pl\/en\/produkt\/stolik-trn-4\/#primaryimage"},"image":{"@id":"https:\/\/squaredrop.pl\/en\/produkt\/stolik-trn-4\/#primaryimage"},"thumbnailUrl":"https:\/\/squaredrop.pl\/wp-content\/uploads\/Pani-Jurek_TRN-table_4green.webp","datePublished":"2024-07-17T11:11:38+00:00","dateModified":"2026-02-15T17:37:10+00:00","breadcrumb":{"@id":"https:\/\/squaredrop.pl\/en\/produkt\/stolik-trn-4\/#breadcrumb"},"inLanguage":"en-US","potentialAction":[{"@type":"ReadAction","target":["https:\/\/squaredrop.pl\/en\/produkt\/stolik-trn-4\/"]}]},{"@type":"ImageObject","inLanguage":"en-US","@id":"https:\/\/squaredrop.pl\/en\/produkt\/stolik-trn-4\/#primaryimage","url":"https:\/\/squaredrop.pl\/wp-content\/uploads\/Pani-Jurek_TRN-table_4green.webp","contentUrl":"https:\/\/squaredrop.pl\/wp-content\/uploads\/Pani-Jurek_TRN-table_4green.webp","width":2244,"height":2244},{"@type":"BreadcrumbList","@id":"https:\/\/squaredrop.pl\/en\/produkt\/stolik-trn-4\/#breadcrumb","itemListElement":[{"@type":"ListItem","position":1,"name":"Home","item":"https:\/\/squaredrop.pl\/en\/homepage\/"},{"@type":"ListItem","position":2,"name":"Stolik TRN 4"}]},{"@type":"WebSite","@id":"https:\/\/squaredrop.pl\/en\/#website","url":"https:\/\/squaredrop.pl\/en\/","name":"Square Drop \u2013 Fine Art Conservation Lab","description":"Fine Art Conservation Lab","publisher":{"@id":"https:\/\/squaredrop.pl\/en\/#organization"},"alternateName":"Square Drop \u2013 Renowacja i projektowanie mebli","potentialAction":[{"@type":"SearchAction","target":{"@type":"EntryPoint","urlTemplate":"https:\/\/squaredrop.pl\/en\/?s={search_term_string}"},"query-input":{"@type":"PropertyValueSpecification","valueRequired":true,"valueName":"search_term_string"}}],"inLanguage":"en-US"},{"@type":"Organization","@id":"https:\/\/squaredrop.pl\/en\/#organization","name":"Square Drop","alternateName":"Fine Art Conservation Lab","url":"https:\/\/squaredrop.pl\/en\/","logo":{"@type":"ImageObject","inLanguage":"en-US","@id":"https:\/\/squaredrop.pl\/en\/#\/schema\/logo\/image\/","url":"https:\/\/squaredrop.pl\/wp-content\/uploads\/2024\/01\/squaredrop-logo-black.png","contentUrl":"https:\/\/squaredrop.pl\/wp-content\/uploads\/2024\/01\/squaredrop-logo-black.png","width":500,"height":136,"caption":"Square Drop"},"image":{"@id":"https:\/\/squaredrop.pl\/en\/#\/schema\/logo\/image\/"},"sameAs":["https:\/\/www.facebook.com\/squaredrop","https:\/\/www.instagram.com\/squaredrop\/"]}]}},"_links":{"self":[{"href":"https:\/\/squaredrop.pl\/en\/wp-json\/wp\/v2\/product\/2598"}],"collection":[{"href":"https:\/\/squaredrop.pl\/en\/wp-json\/wp\/v2\/product"}],"about":[{"href":"https:\/\/squaredrop.pl\/en\/wp-json\/wp\/v2\/types\/product"}],"wp:featuredmedia":[{"embeddable":true,"href":"https:\/\/squaredrop.pl\/en\/wp-json\/wp\/v2\/media\/2599"}],"wp:attachment":[{"href":"https:\/\/squaredrop.pl\/en\/wp-json\/wp\/v2\/media?parent=2598"}],"wp:term":[{"taxonomy":"product_cat","embeddable":true,"href":"https:\/\/squaredrop.pl\/en\/wp-json\/wp\/v2\/product_cat?post=2598"},{"taxonomy":"product_tag","embeddable":true,"href":"https:\/\/squaredrop.pl\/en\/wp-json\/wp\/v2\/product_tag?post=2598"}],"curies":[{"name":"wp","href":"https:\/\/api.w.org\/{rel}","templated":true}]}}