{"id":4539,"date":"2025-10-10T10:39:58","date_gmt":"2025-10-10T08:39:58","guid":{"rendered":"https:\/\/squaredrop.pl\/?post_type=product&#038;p=4539"},"modified":"2025-10-10T13:40:29","modified_gmt":"2025-10-10T11:40:29","slug":"palimpsest-large","status":"publish","type":"product","link":"https:\/\/squaredrop.pl\/en\/product\/palimpsest-large\/","title":{"rendered":"Palimpsest large"},"content":{"rendered":"","protected":false},"excerpt":{"rendered":"<p>The object titled \u201cPalimpsest\u201d is a unique example of new craftsmanship that masterfully explores the interplay of materials and textures. It is a freestanding sculpture, a spatial object combining wood and glass.  <\/p>\n<p>Square Drop prepared the wooden elements using ash wood and the exotic wood, purpleheart (also known as purple wood\/Peltogyne), which naturally occurs in a pinkish hue. The glass elements were prepared by glass artist Kalina Ba\u0144ka-Kulka, utilizing iridescent and mass-colored glass, processed with various techniques\u2014the slumping and fusing methods\u2014as well as openwork elements hand-formed in a gas torch flame. The pink coloration of the wood used brings out the pink colors from the iridescent glass, which changes hue and shade depending on the viewing angle, creating a shimmering, almost ethereal effect.  <\/p>\n<p>The Large Palimpsest can be a freestanding sculpture, but it can also divide an interior, serving as a screen or room divider by combining several objects together.<\/p>\n<p>The title, Palimpsest, refers to a manuscript on parchment where the original writing was erased so that a new text could be inscribed on the same material. It accurately alludes to the layered effect, where the individual layers of glass overlap and partially obscure one another, constantly transforming the object&#8217;s appearance depending on the lighting conditions and the observer&#8217;s position, revealing different images and colors. <\/p>\n<p>\u201cPalimpsest\u201d is the result of our collaboration with glass artist Kalina Ba\u0144ka-Kulka, created as part of the N\u00f3w Nowe Rzemios\u0142o association\u2019s project, \u201cKooperacje\u201d (Cooperations), co-financed by the Institute of Creative Industries.<br \/>\nThe prototype was made for the \u201cN\u00f3w w Pe\u0142ni 2025\u201d exhibition.<\/p>\n<p>The object currently available is an exhibition piece, but it is possible to order the object in different sizes.<\/p>\n<p>photos and video &#8211; Maria \u017barnecka<\/p>\n","protected":false},"featured_media":4622,"template":"","meta":{"_acf_changed":false,"inline_featured_image":false},"product_cat":[286,325],"product_tag":[450,297,296,309,298,281],"acf":[],"yoast_head":"<title>Palimpsest large &#8211; Square Drop<\/title>\n<meta name=\"robots\" content=\"index, follow, max-snippet:-1, max-image-preview:large, max-video-preview:-1\" \/>\n<link rel=\"canonical\" href=\"https:\/\/squaredrop.pl\/en\/product\/palimpsest-large\/\" \/>\n<meta property=\"og:locale\" content=\"en_US\" \/>\n<meta property=\"og:type\" content=\"article\" \/>\n<meta property=\"og:title\" content=\"Palimpsest large &#8211; Square Drop\" \/>\n<meta property=\"og:description\" content=\"The object titled \u201cPalimpsest\u201d is a unique example of new craftsmanship that masterfully explores the interplay of materials and textures. It is a freestanding sculpture, a spatial object combining wood and glass.   Square Drop prepared the wooden elements using ash wood and the exotic wood, purpleheart (also known as purple wood\/Peltogyne), which naturally occurs in a pinkish hue. The glass elements were prepared by glass artist Kalina Ba\u0144ka-Kulka, utilizing iridescent and mass-colored glass, processed with various techniques\u2014the slumping and fusing methods\u2014as well as openwork elements hand-formed in a gas torch flame. The pink coloration of the wood used brings out the pink colors from the iridescent glass, which changes hue and shade depending on the viewing angle, creating a shimmering, almost ethereal effect.   The Large Palimpsest can be a freestanding sculpture, but it can also divide an interior, serving as a screen or room divider by combining several objects together.  The title, Palimpsest, refers to a manuscript on parchment where the original writing was erased so that a new text could be inscribed on the same material. It accurately alludes to the layered effect, where the individual layers of glass overlap and partially obscure one another, constantly transforming the object&#039;s appearance depending on the lighting conditions and the observer&#039;s position, revealing different images and colors.   \u201cPalimpsest\u201d is the result of our collaboration with glass artist Kalina Ba\u0144ka-Kulka, created as part of the N\u00f3w Nowe Rzemios\u0142o association\u2019s project, \u201cKooperacje\u201d (Cooperations), co-financed by the Institute of Creative Industries. The prototype was made for the \u201cN\u00f3w w Pe\u0142ni 2025\u201d exhibition.  The object currently available is an exhibition piece, but it is possible to order the object in different sizes.  photos and video - Maria \u017barnecka\" \/>\n<meta property=\"og:url\" content=\"https:\/\/squaredrop.pl\/en\/product\/palimpsest-large\/\" \/>\n<meta property=\"og:site_name\" content=\"Square Drop\" \/>\n<meta property=\"article:publisher\" content=\"https:\/\/www.facebook.com\/squaredrop\" \/>\n<meta property=\"article:modified_time\" content=\"2025-10-10T11:40:29+00:00\" \/>\n<meta property=\"og:image\" content=\"https:\/\/squaredrop.pl\/wp-content\/uploads\/Square-Drop_Kalina-Banka-Kulka_Palimsest_wystawa2025-74-scaled.webp\" \/>\n\t<meta property=\"og:image:width\" content=\"1707\" \/>\n\t<meta property=\"og:image:height\" content=\"2560\" \/>\n\t<meta property=\"og:image:type\" content=\"image\/webp\" \/>\n<meta name=\"twitter:card\" content=\"summary_large_image\" \/>\n<script type=\"application\/ld+json\" class=\"yoast-schema-graph\">{\"@context\":\"https:\/\/schema.org\",\"@graph\":[{\"@type\":[\"WebPage\",\"ItemPage\"],\"@id\":\"https:\/\/squaredrop.pl\/en\/product\/palimpsest-large\/\",\"url\":\"https:\/\/squaredrop.pl\/en\/product\/palimpsest-large\/\",\"name\":\"Palimpsest large &#8211; Square Drop\",\"isPartOf\":{\"@id\":\"https:\/\/squaredrop.pl\/en\/#website\"},\"primaryImageOfPage\":{\"@id\":\"https:\/\/squaredrop.pl\/en\/product\/palimpsest-large\/#primaryimage\"},\"image\":{\"@id\":\"https:\/\/squaredrop.pl\/en\/product\/palimpsest-large\/#primaryimage\"},\"thumbnailUrl\":\"https:\/\/squaredrop.pl\/wp-content\/uploads\/Square-Drop_Kalina-Banka-Kulka_Palimpsest_duzy_wystawa2025-74-scaled.webp\",\"datePublished\":\"2025-10-10T08:39:58+00:00\",\"dateModified\":\"2025-10-10T11:40:29+00:00\",\"breadcrumb\":{\"@id\":\"https:\/\/squaredrop.pl\/en\/product\/palimpsest-large\/#breadcrumb\"},\"inLanguage\":\"en-US\",\"potentialAction\":[{\"@type\":\"ReadAction\",\"target\":[\"https:\/\/squaredrop.pl\/en\/product\/palimpsest-large\/\"]}]},{\"@type\":\"ImageObject\",\"inLanguage\":\"en-US\",\"@id\":\"https:\/\/squaredrop.pl\/en\/product\/palimpsest-large\/#primaryimage\",\"url\":\"https:\/\/squaredrop.pl\/wp-content\/uploads\/Square-Drop_Kalina-Banka-Kulka_Palimpsest_duzy_wystawa2025-74-scaled.webp\",\"contentUrl\":\"https:\/\/squaredrop.pl\/wp-content\/uploads\/Square-Drop_Kalina-Banka-Kulka_Palimpsest_duzy_wystawa2025-74-scaled.webp\",\"width\":1808,\"height\":2560},{\"@type\":\"BreadcrumbList\",\"@id\":\"https:\/\/squaredrop.pl\/en\/product\/palimpsest-large\/#breadcrumb\",\"itemListElement\":[{\"@type\":\"ListItem\",\"position\":1,\"name\":\"Home\",\"item\":\"https:\/\/squaredrop.pl\/en\/homepage\/\"},{\"@type\":\"ListItem\",\"position\":2,\"name\":\"Palimpsest large\"}]},{\"@type\":\"WebSite\",\"@id\":\"https:\/\/squaredrop.pl\/en\/#website\",\"url\":\"https:\/\/squaredrop.pl\/en\/\",\"name\":\"Square Drop \u2013 Fine Art Conservation Lab\",\"description\":\"Fine Art Conservation Lab\",\"publisher\":{\"@id\":\"https:\/\/squaredrop.pl\/en\/#organization\"},\"alternateName\":\"Square Drop \u2013 Renowacja i projektowanie mebli\",\"potentialAction\":[{\"@type\":\"SearchAction\",\"target\":{\"@type\":\"EntryPoint\",\"urlTemplate\":\"https:\/\/squaredrop.pl\/en\/?s={search_term_string}\"},\"query-input\":{\"@type\":\"PropertyValueSpecification\",\"valueRequired\":true,\"valueName\":\"search_term_string\"}}],\"inLanguage\":\"en-US\"},{\"@type\":\"Organization\",\"@id\":\"https:\/\/squaredrop.pl\/en\/#organization\",\"name\":\"Square Drop\",\"alternateName\":\"Fine Art Conservation Lab\",\"url\":\"https:\/\/squaredrop.pl\/en\/\",\"logo\":{\"@type\":\"ImageObject\",\"inLanguage\":\"en-US\",\"@id\":\"https:\/\/squaredrop.pl\/en\/#\/schema\/logo\/image\/\",\"url\":\"https:\/\/squaredrop.pl\/wp-content\/uploads\/2024\/01\/squaredrop-logo-black.png\",\"contentUrl\":\"https:\/\/squaredrop.pl\/wp-content\/uploads\/2024\/01\/squaredrop-logo-black.png\",\"width\":500,\"height\":136,\"caption\":\"Square Drop\"},\"image\":{\"@id\":\"https:\/\/squaredrop.pl\/en\/#\/schema\/logo\/image\/\"},\"sameAs\":[\"https:\/\/www.facebook.com\/squaredrop\",\"https:\/\/www.instagram.com\/squaredrop\/\"]}]}<\/script>","yoast_head_json":{"title":"Palimpsest large &#8211; Square Drop","robots":{"index":"index","follow":"follow","max-snippet":"max-snippet:-1","max-image-preview":"max-image-preview:large","max-video-preview":"max-video-preview:-1"},"canonical":"https:\/\/squaredrop.pl\/en\/product\/palimpsest-large\/","og_locale":"en_US","og_type":"article","og_title":"Palimpsest large &#8211; Square Drop","og_description":"The object titled \u201cPalimpsest\u201d is a unique example of new craftsmanship that masterfully explores the interplay of materials and textures. It is a freestanding sculpture, a spatial object combining wood and glass.   Square Drop prepared the wooden elements using ash wood and the exotic wood, purpleheart (also known as purple wood\/Peltogyne), which naturally occurs in a pinkish hue. The glass elements were prepared by glass artist Kalina Ba\u0144ka-Kulka, utilizing iridescent and mass-colored glass, processed with various techniques\u2014the slumping and fusing methods\u2014as well as openwork elements hand-formed in a gas torch flame. The pink coloration of the wood used brings out the pink colors from the iridescent glass, which changes hue and shade depending on the viewing angle, creating a shimmering, almost ethereal effect.   The Large Palimpsest can be a freestanding sculpture, but it can also divide an interior, serving as a screen or room divider by combining several objects together.  The title, Palimpsest, refers to a manuscript on parchment where the original writing was erased so that a new text could be inscribed on the same material. It accurately alludes to the layered effect, where the individual layers of glass overlap and partially obscure one another, constantly transforming the object's appearance depending on the lighting conditions and the observer's position, revealing different images and colors.   \u201cPalimpsest\u201d is the result of our collaboration with glass artist Kalina Ba\u0144ka-Kulka, created as part of the N\u00f3w Nowe Rzemios\u0142o association\u2019s project, \u201cKooperacje\u201d (Cooperations), co-financed by the Institute of Creative Industries. The prototype was made for the \u201cN\u00f3w w Pe\u0142ni 2025\u201d exhibition.  The object currently available is an exhibition piece, but it is possible to order the object in different sizes.  photos and video - Maria \u017barnecka","og_url":"https:\/\/squaredrop.pl\/en\/product\/palimpsest-large\/","og_site_name":"Square Drop","article_publisher":"https:\/\/www.facebook.com\/squaredrop","article_modified_time":"2025-10-10T11:40:29+00:00","og_image":[{"width":1707,"height":2560,"url":"https:\/\/squaredrop.pl\/wp-content\/uploads\/Square-Drop_Kalina-Banka-Kulka_Palimsest_wystawa2025-74-scaled.webp","type":"image\/webp"}],"twitter_card":"summary_large_image","schema":{"@context":"https:\/\/schema.org","@graph":[{"@type":["WebPage","ItemPage"],"@id":"https:\/\/squaredrop.pl\/en\/product\/palimpsest-large\/","url":"https:\/\/squaredrop.pl\/en\/product\/palimpsest-large\/","name":"Palimpsest large &#8211; Square Drop","isPartOf":{"@id":"https:\/\/squaredrop.pl\/en\/#website"},"primaryImageOfPage":{"@id":"https:\/\/squaredrop.pl\/en\/product\/palimpsest-large\/#primaryimage"},"image":{"@id":"https:\/\/squaredrop.pl\/en\/product\/palimpsest-large\/#primaryimage"},"thumbnailUrl":"https:\/\/squaredrop.pl\/wp-content\/uploads\/Square-Drop_Kalina-Banka-Kulka_Palimpsest_duzy_wystawa2025-74-scaled.webp","datePublished":"2025-10-10T08:39:58+00:00","dateModified":"2025-10-10T11:40:29+00:00","breadcrumb":{"@id":"https:\/\/squaredrop.pl\/en\/product\/palimpsest-large\/#breadcrumb"},"inLanguage":"en-US","potentialAction":[{"@type":"ReadAction","target":["https:\/\/squaredrop.pl\/en\/product\/palimpsest-large\/"]}]},{"@type":"ImageObject","inLanguage":"en-US","@id":"https:\/\/squaredrop.pl\/en\/product\/palimpsest-large\/#primaryimage","url":"https:\/\/squaredrop.pl\/wp-content\/uploads\/Square-Drop_Kalina-Banka-Kulka_Palimpsest_duzy_wystawa2025-74-scaled.webp","contentUrl":"https:\/\/squaredrop.pl\/wp-content\/uploads\/Square-Drop_Kalina-Banka-Kulka_Palimpsest_duzy_wystawa2025-74-scaled.webp","width":1808,"height":2560},{"@type":"BreadcrumbList","@id":"https:\/\/squaredrop.pl\/en\/product\/palimpsest-large\/#breadcrumb","itemListElement":[{"@type":"ListItem","position":1,"name":"Home","item":"https:\/\/squaredrop.pl\/en\/homepage\/"},{"@type":"ListItem","position":2,"name":"Palimpsest large"}]},{"@type":"WebSite","@id":"https:\/\/squaredrop.pl\/en\/#website","url":"https:\/\/squaredrop.pl\/en\/","name":"Square Drop \u2013 Fine Art Conservation Lab","description":"Fine Art Conservation Lab","publisher":{"@id":"https:\/\/squaredrop.pl\/en\/#organization"},"alternateName":"Square Drop \u2013 Renowacja i projektowanie mebli","potentialAction":[{"@type":"SearchAction","target":{"@type":"EntryPoint","urlTemplate":"https:\/\/squaredrop.pl\/en\/?s={search_term_string}"},"query-input":{"@type":"PropertyValueSpecification","valueRequired":true,"valueName":"search_term_string"}}],"inLanguage":"en-US"},{"@type":"Organization","@id":"https:\/\/squaredrop.pl\/en\/#organization","name":"Square Drop","alternateName":"Fine Art Conservation Lab","url":"https:\/\/squaredrop.pl\/en\/","logo":{"@type":"ImageObject","inLanguage":"en-US","@id":"https:\/\/squaredrop.pl\/en\/#\/schema\/logo\/image\/","url":"https:\/\/squaredrop.pl\/wp-content\/uploads\/2024\/01\/squaredrop-logo-black.png","contentUrl":"https:\/\/squaredrop.pl\/wp-content\/uploads\/2024\/01\/squaredrop-logo-black.png","width":500,"height":136,"caption":"Square Drop"},"image":{"@id":"https:\/\/squaredrop.pl\/en\/#\/schema\/logo\/image\/"},"sameAs":["https:\/\/www.facebook.com\/squaredrop","https:\/\/www.instagram.com\/squaredrop\/"]}]}},"_links":{"self":[{"href":"https:\/\/squaredrop.pl\/en\/wp-json\/wp\/v2\/product\/4539"}],"collection":[{"href":"https:\/\/squaredrop.pl\/en\/wp-json\/wp\/v2\/product"}],"about":[{"href":"https:\/\/squaredrop.pl\/en\/wp-json\/wp\/v2\/types\/product"}],"wp:featuredmedia":[{"embeddable":true,"href":"https:\/\/squaredrop.pl\/en\/wp-json\/wp\/v2\/media\/4622"}],"wp:attachment":[{"href":"https:\/\/squaredrop.pl\/en\/wp-json\/wp\/v2\/media?parent=4539"}],"wp:term":[{"taxonomy":"product_cat","embeddable":true,"href":"https:\/\/squaredrop.pl\/en\/wp-json\/wp\/v2\/product_cat?post=4539"},{"taxonomy":"product_tag","embeddable":true,"href":"https:\/\/squaredrop.pl\/en\/wp-json\/wp\/v2\/product_tag?post=4539"}],"curies":[{"name":"wp","href":"https:\/\/api.w.org\/{rel}","templated":true}]}}