{"id":4592,"date":"2025-10-10T13:47:17","date_gmt":"2025-10-10T11:47:17","guid":{"rendered":"https:\/\/squaredrop.pl\/?post_type=product&#038;p=4592"},"modified":"2025-10-15T08:48:40","modified_gmt":"2025-10-15T06:48:40","slug":"haptic-plinth","status":"publish","type":"product","link":"https:\/\/squaredrop.pl\/en\/product\/haptic-plinth\/","title":{"rendered":"Haptic Plinth"},"content":{"rendered":"","protected":false},"excerpt":{"rendered":"<p>The Haptic Plinth is a unique piece of furniture that combines the functionality of an exhibitor (display stand) with the haptic experience of interacting with natural solid wood.<\/p>\n<p>It is a free-standing, polygonal column, made of solid iroko wood. The top is made of unprotected brass, which will develop a noble, natural patina over time. <\/p>\n<p>The key element of the design is the varied texture of the wood surface. This treatment is intended to show the difference in the wood&#8217;s appearance depending on the level of its processing, to draw the viewer&#8217;s attention to the beauty of the material, its hapticity, and its interaction with light depending on the texture. Such a finish is only possible with manual, artisanal processing, where the artist decides on the final look of the furniture piece as they work. The columns are finished with natural beeswax, which further enhances their sensory aspect.   <\/p>\n<p>These plinths can function independently, introducing vertical accents into the interior, and they are also ideal as display stands (exhibitors) for art objects or decorations. They look particularly impressive in sets of columns of varying heights. <\/p>\n<p>The Haptic Plinth is made to order, which allows for modifications to its diameter and height.<\/p>\n<p>The prototypes of the furniture piece were presented during the N\u00f3w w Pe\u0142ni 2025 exhibition of the N\u00d3W Nowe Rzemios\u0142o Association at the Industrial Design Institute in Warsaw.<\/p>\n<p>The dimensions of the second plinth &#8211; H: 122.5 cm \/ W: 25.5 cm \/ D: 25.5 cm <\/p>\n","protected":false},"featured_media":4596,"template":"","meta":{"_acf_changed":false,"inline_featured_image":false},"product_cat":[286,325],"product_tag":[295,236,297,296,298,618,389,617,281],"acf":[],"yoast_head":"<title>Haptic Plinth &#8211; Square Drop<\/title>\n<meta name=\"robots\" content=\"index, follow, max-snippet:-1, max-image-preview:large, max-video-preview:-1\" \/>\n<link rel=\"canonical\" href=\"https:\/\/squaredrop.pl\/en\/product\/haptic-plinth\/\" \/>\n<meta property=\"og:locale\" content=\"en_US\" \/>\n<meta property=\"og:type\" content=\"article\" \/>\n<meta property=\"og:title\" content=\"Haptic Plinth &#8211; Square Drop\" \/>\n<meta property=\"og:description\" content=\"The Haptic Plinth is a unique piece of furniture that combines the functionality of an exhibitor (display stand) with the haptic experience of interacting with natural solid wood. It is a free-standing, polygonal column, made of solid iroko wood. The top is made of unprotected brass, which will develop a noble, natural patina over time.  The key element of the design is the varied texture of the wood surface. This treatment is intended to show the difference in the wood&#039;s appearance depending on the level of its processing, to draw the viewer&#039;s attention to the beauty of the material, its hapticity, and its interaction with light depending on the texture. Such a finish is only possible with manual, artisanal processing, where the artist decides on the final look of the furniture piece as they work. The columns are finished with natural beeswax, which further enhances their sensory aspect.   These plinths can function independently, introducing vertical accents into the interior, and they are also ideal as display stands (exhibitors) for art objects or decorations. They look particularly impressive in sets of columns of varying heights.  The Haptic Plinth is made to order, which allows for modifications to its diameter and height. The prototypes of the furniture piece were presented during the N\u00f3w w Pe\u0142ni 2025 exhibition of the N\u00d3W Nowe Rzemios\u0142o Association at the Industrial Design Institute in Warsaw.  The dimensions of the second plinth - H: 122.5 cm \/ W: 25.5 cm \/ D: 25.5 cm\" \/>\n<meta property=\"og:url\" content=\"https:\/\/squaredrop.pl\/en\/product\/haptic-plinth\/\" \/>\n<meta property=\"og:site_name\" content=\"Square Drop\" \/>\n<meta property=\"article:publisher\" content=\"https:\/\/www.facebook.com\/squaredrop\" \/>\n<meta property=\"article:modified_time\" content=\"2025-10-15T06:48:40+00:00\" \/>\n<meta property=\"og:image\" content=\"https:\/\/squaredrop.pl\/wp-content\/uploads\/Squaredrop_wystawa2025-85-scaled.webp\" \/>\n\t<meta property=\"og:image:width\" content=\"1707\" \/>\n\t<meta property=\"og:image:height\" content=\"2560\" \/>\n\t<meta property=\"og:image:type\" content=\"image\/webp\" \/>\n<meta name=\"twitter:card\" content=\"summary_large_image\" \/>\n<script type=\"application\/ld+json\" class=\"yoast-schema-graph\">{\"@context\":\"https:\/\/schema.org\",\"@graph\":[{\"@type\":[\"WebPage\",\"ItemPage\"],\"@id\":\"https:\/\/squaredrop.pl\/en\/product\/haptic-plinth\/\",\"url\":\"https:\/\/squaredrop.pl\/en\/product\/haptic-plinth\/\",\"name\":\"Haptic Plinth &#8211; Square Drop\",\"isPartOf\":{\"@id\":\"https:\/\/squaredrop.pl\/en\/#website\"},\"primaryImageOfPage\":{\"@id\":\"https:\/\/squaredrop.pl\/en\/product\/haptic-plinth\/#primaryimage\"},\"image\":{\"@id\":\"https:\/\/squaredrop.pl\/en\/product\/haptic-plinth\/#primaryimage\"},\"thumbnailUrl\":\"https:\/\/squaredrop.pl\/wp-content\/uploads\/Squaredrop_wystawa2025-85-scaled.webp\",\"datePublished\":\"2025-10-10T11:47:17+00:00\",\"dateModified\":\"2025-10-15T06:48:40+00:00\",\"breadcrumb\":{\"@id\":\"https:\/\/squaredrop.pl\/en\/product\/haptic-plinth\/#breadcrumb\"},\"inLanguage\":\"en-US\",\"potentialAction\":[{\"@type\":\"ReadAction\",\"target\":[\"https:\/\/squaredrop.pl\/en\/product\/haptic-plinth\/\"]}]},{\"@type\":\"ImageObject\",\"inLanguage\":\"en-US\",\"@id\":\"https:\/\/squaredrop.pl\/en\/product\/haptic-plinth\/#primaryimage\",\"url\":\"https:\/\/squaredrop.pl\/wp-content\/uploads\/Squaredrop_wystawa2025-85-scaled.webp\",\"contentUrl\":\"https:\/\/squaredrop.pl\/wp-content\/uploads\/Squaredrop_wystawa2025-85-scaled.webp\",\"width\":1707,\"height\":2560},{\"@type\":\"BreadcrumbList\",\"@id\":\"https:\/\/squaredrop.pl\/en\/product\/haptic-plinth\/#breadcrumb\",\"itemListElement\":[{\"@type\":\"ListItem\",\"position\":1,\"name\":\"Home\",\"item\":\"https:\/\/squaredrop.pl\/en\/homepage\/\"},{\"@type\":\"ListItem\",\"position\":2,\"name\":\"Haptic Plinth\"}]},{\"@type\":\"WebSite\",\"@id\":\"https:\/\/squaredrop.pl\/en\/#website\",\"url\":\"https:\/\/squaredrop.pl\/en\/\",\"name\":\"Square Drop \u2013 Fine Art Conservation Lab\",\"description\":\"Fine Art Conservation Lab\",\"publisher\":{\"@id\":\"https:\/\/squaredrop.pl\/en\/#organization\"},\"alternateName\":\"Square Drop \u2013 Renowacja i projektowanie mebli\",\"potentialAction\":[{\"@type\":\"SearchAction\",\"target\":{\"@type\":\"EntryPoint\",\"urlTemplate\":\"https:\/\/squaredrop.pl\/en\/?s={search_term_string}\"},\"query-input\":{\"@type\":\"PropertyValueSpecification\",\"valueRequired\":true,\"valueName\":\"search_term_string\"}}],\"inLanguage\":\"en-US\"},{\"@type\":\"Organization\",\"@id\":\"https:\/\/squaredrop.pl\/en\/#organization\",\"name\":\"Square Drop\",\"alternateName\":\"Fine Art Conservation Lab\",\"url\":\"https:\/\/squaredrop.pl\/en\/\",\"logo\":{\"@type\":\"ImageObject\",\"inLanguage\":\"en-US\",\"@id\":\"https:\/\/squaredrop.pl\/en\/#\/schema\/logo\/image\/\",\"url\":\"https:\/\/squaredrop.pl\/wp-content\/uploads\/2024\/01\/squaredrop-logo-black.png\",\"contentUrl\":\"https:\/\/squaredrop.pl\/wp-content\/uploads\/2024\/01\/squaredrop-logo-black.png\",\"width\":500,\"height\":136,\"caption\":\"Square Drop\"},\"image\":{\"@id\":\"https:\/\/squaredrop.pl\/en\/#\/schema\/logo\/image\/\"},\"sameAs\":[\"https:\/\/www.facebook.com\/squaredrop\",\"https:\/\/www.instagram.com\/squaredrop\/\"]}]}<\/script>","yoast_head_json":{"title":"Haptic Plinth &#8211; Square Drop","robots":{"index":"index","follow":"follow","max-snippet":"max-snippet:-1","max-image-preview":"max-image-preview:large","max-video-preview":"max-video-preview:-1"},"canonical":"https:\/\/squaredrop.pl\/en\/product\/haptic-plinth\/","og_locale":"en_US","og_type":"article","og_title":"Haptic Plinth &#8211; Square Drop","og_description":"The Haptic Plinth is a unique piece of furniture that combines the functionality of an exhibitor (display stand) with the haptic experience of interacting with natural solid wood. It is a free-standing, polygonal column, made of solid iroko wood. The top is made of unprotected brass, which will develop a noble, natural patina over time.  The key element of the design is the varied texture of the wood surface. This treatment is intended to show the difference in the wood's appearance depending on the level of its processing, to draw the viewer's attention to the beauty of the material, its hapticity, and its interaction with light depending on the texture. Such a finish is only possible with manual, artisanal processing, where the artist decides on the final look of the furniture piece as they work. The columns are finished with natural beeswax, which further enhances their sensory aspect.   These plinths can function independently, introducing vertical accents into the interior, and they are also ideal as display stands (exhibitors) for art objects or decorations. They look particularly impressive in sets of columns of varying heights.  The Haptic Plinth is made to order, which allows for modifications to its diameter and height. The prototypes of the furniture piece were presented during the N\u00f3w w Pe\u0142ni 2025 exhibition of the N\u00d3W Nowe Rzemios\u0142o Association at the Industrial Design Institute in Warsaw.  The dimensions of the second plinth - H: 122.5 cm \/ W: 25.5 cm \/ D: 25.5 cm","og_url":"https:\/\/squaredrop.pl\/en\/product\/haptic-plinth\/","og_site_name":"Square Drop","article_publisher":"https:\/\/www.facebook.com\/squaredrop","article_modified_time":"2025-10-15T06:48:40+00:00","og_image":[{"width":1707,"height":2560,"url":"https:\/\/squaredrop.pl\/wp-content\/uploads\/Squaredrop_wystawa2025-85-scaled.webp","type":"image\/webp"}],"twitter_card":"summary_large_image","schema":{"@context":"https:\/\/schema.org","@graph":[{"@type":["WebPage","ItemPage"],"@id":"https:\/\/squaredrop.pl\/en\/product\/haptic-plinth\/","url":"https:\/\/squaredrop.pl\/en\/product\/haptic-plinth\/","name":"Haptic Plinth &#8211; Square Drop","isPartOf":{"@id":"https:\/\/squaredrop.pl\/en\/#website"},"primaryImageOfPage":{"@id":"https:\/\/squaredrop.pl\/en\/product\/haptic-plinth\/#primaryimage"},"image":{"@id":"https:\/\/squaredrop.pl\/en\/product\/haptic-plinth\/#primaryimage"},"thumbnailUrl":"https:\/\/squaredrop.pl\/wp-content\/uploads\/Squaredrop_wystawa2025-85-scaled.webp","datePublished":"2025-10-10T11:47:17+00:00","dateModified":"2025-10-15T06:48:40+00:00","breadcrumb":{"@id":"https:\/\/squaredrop.pl\/en\/product\/haptic-plinth\/#breadcrumb"},"inLanguage":"en-US","potentialAction":[{"@type":"ReadAction","target":["https:\/\/squaredrop.pl\/en\/product\/haptic-plinth\/"]}]},{"@type":"ImageObject","inLanguage":"en-US","@id":"https:\/\/squaredrop.pl\/en\/product\/haptic-plinth\/#primaryimage","url":"https:\/\/squaredrop.pl\/wp-content\/uploads\/Squaredrop_wystawa2025-85-scaled.webp","contentUrl":"https:\/\/squaredrop.pl\/wp-content\/uploads\/Squaredrop_wystawa2025-85-scaled.webp","width":1707,"height":2560},{"@type":"BreadcrumbList","@id":"https:\/\/squaredrop.pl\/en\/product\/haptic-plinth\/#breadcrumb","itemListElement":[{"@type":"ListItem","position":1,"name":"Home","item":"https:\/\/squaredrop.pl\/en\/homepage\/"},{"@type":"ListItem","position":2,"name":"Haptic Plinth"}]},{"@type":"WebSite","@id":"https:\/\/squaredrop.pl\/en\/#website","url":"https:\/\/squaredrop.pl\/en\/","name":"Square Drop \u2013 Fine Art Conservation Lab","description":"Fine Art Conservation Lab","publisher":{"@id":"https:\/\/squaredrop.pl\/en\/#organization"},"alternateName":"Square Drop \u2013 Renowacja i projektowanie mebli","potentialAction":[{"@type":"SearchAction","target":{"@type":"EntryPoint","urlTemplate":"https:\/\/squaredrop.pl\/en\/?s={search_term_string}"},"query-input":{"@type":"PropertyValueSpecification","valueRequired":true,"valueName":"search_term_string"}}],"inLanguage":"en-US"},{"@type":"Organization","@id":"https:\/\/squaredrop.pl\/en\/#organization","name":"Square Drop","alternateName":"Fine Art Conservation Lab","url":"https:\/\/squaredrop.pl\/en\/","logo":{"@type":"ImageObject","inLanguage":"en-US","@id":"https:\/\/squaredrop.pl\/en\/#\/schema\/logo\/image\/","url":"https:\/\/squaredrop.pl\/wp-content\/uploads\/2024\/01\/squaredrop-logo-black.png","contentUrl":"https:\/\/squaredrop.pl\/wp-content\/uploads\/2024\/01\/squaredrop-logo-black.png","width":500,"height":136,"caption":"Square Drop"},"image":{"@id":"https:\/\/squaredrop.pl\/en\/#\/schema\/logo\/image\/"},"sameAs":["https:\/\/www.facebook.com\/squaredrop","https:\/\/www.instagram.com\/squaredrop\/"]}]}},"_links":{"self":[{"href":"https:\/\/squaredrop.pl\/en\/wp-json\/wp\/v2\/product\/4592"}],"collection":[{"href":"https:\/\/squaredrop.pl\/en\/wp-json\/wp\/v2\/product"}],"about":[{"href":"https:\/\/squaredrop.pl\/en\/wp-json\/wp\/v2\/types\/product"}],"wp:featuredmedia":[{"embeddable":true,"href":"https:\/\/squaredrop.pl\/en\/wp-json\/wp\/v2\/media\/4596"}],"wp:attachment":[{"href":"https:\/\/squaredrop.pl\/en\/wp-json\/wp\/v2\/media?parent=4592"}],"wp:term":[{"taxonomy":"product_cat","embeddable":true,"href":"https:\/\/squaredrop.pl\/en\/wp-json\/wp\/v2\/product_cat?post=4592"},{"taxonomy":"product_tag","embeddable":true,"href":"https:\/\/squaredrop.pl\/en\/wp-json\/wp\/v2\/product_tag?post=4592"}],"curies":[{"name":"wp","href":"https:\/\/api.w.org\/{rel}","templated":true}]}}